{"id":188,"date":"2019-07-31T19:42:48","date_gmt":"2019-07-31T22:42:48","guid":{"rendered":"https:\/\/historia.faccat.br\/?page_id=188"},"modified":"2019-10-19T10:04:08","modified_gmt":"2019-10-19T13:04:08","slug":"2007-2","status":"publish","type":"page","link":"https:\/\/historia.faccat.br\/wordpress\/index.php\/2007-2\/","title":{"rendered":"2007"},"content":{"rendered":"\n<p>Para visualizar \u00e9 necess\u00e1rio clicar no \u00edcone <img loading=\"lazy\" decoding=\"async\" width=\"20\" height=\"20\" class=\"wp-image-231\" style=\"width: 20px;\" src=\"https:\/\/historia.faccat.br\/wp-content\/uploads\/2019\/08\/pdf-file-format-symbol.png\" alt=\"\" srcset=\"https:\/\/historia.faccat.br\/wordpress\/wp-content\/uploads\/2019\/08\/pdf-file-format-symbol.png 512w, https:\/\/historia.faccat.br\/wordpress\/wp-content\/uploads\/2019\/08\/pdf-file-format-symbol-150x150.png 150w, https:\/\/historia.faccat.br\/wordpress\/wp-content\/uploads\/2019\/08\/pdf-file-format-symbol-300x300.png 300w\" sizes=\"auto, (max-width: 20px) 100vw, 20px\" \/>.<\/p>\n\n\n\n<p class=\"has-small-font-size\">Observa\u00e7\u00e3o:<br>* Todos os trabalhos est\u00e3o em formato .pdf.<br>** Os trabalhos que n\u00e3o est\u00e3o acess\u00edveis \u00e9 porque tiraram nota inferior a 8,5 ou n\u00e3o foi enviado pelo autor. <\/p>\n\n\n\n<table class=\"wp-block-table has-subtle-pale-pink-background-color has-background is-style-stripes\"><tbody><tr><td>  T\u00edtulo:<br> Autor: Clara In\u00eas Cardoso Ghidini<br> Orientador: <a rel=\"noreferrer noopener\" aria-label=\" (abre numa nova aba)\" href=\"http:\/\/lattes.cnpq.br\/8160991187326250\" target=\"_blank\">Marlise Meyrer<\/a><br> Avaliadores: <a href=\"http:\/\/lattes.cnpq.br\/0407489410040797\" target=\"_blank\" rel=\"noreferrer noopener\" aria-label=\" (abre numa nova aba)\">Dalva Reinheimer<\/a>  <\/td><\/tr><tr><td>  <strong>Oktoberfest: a festa da comunidade<\/strong><br> Autor: Geneci Teresinha da Costa<br> Orientador: <a rel=\"noreferrer noopener\" aria-label=\" (abre numa nova aba)\" href=\"http:\/\/lattes.cnpq.br\/8296134223783851\" target=\"_blank\">Elaine Smaniotto<\/a><br> Avaliadores: <a href=\"http:\/\/lattes.cnpq.br\/0407489410040797\" target=\"_blank\" rel=\"noreferrer noopener\" aria-label=\" (abre numa nova aba)\">Dalva Reinheimer<\/a> e <a rel=\"noreferrer noopener\" aria-label=\" (abre numa nova aba)\" href=\"http:\/\/lattes.cnpq.br\/0120499154280445\" target=\"_blank\">Daniel Luciano Gevehr<\/a>  <\/td><\/tr><tr><td><strong>Entre o saber pr\u00e1tico e o cient\u00edfico: o caso das parteiras de Taquara nas d\u00e9cadas de 50 a 70<\/strong><br> Autor:&nbsp;Rejane Fontoura Nunes<br> Orientador: <a rel=\"noreferrer noopener\" aria-label=\" (abre numa nova aba)\" href=\"http:\/\/lattes.cnpq.br\/8160991187326250\" target=\"_blank\">Marlise Regina Meyrer<\/a><br> Avaliadores: <a href=\"http:\/\/lattes.cnpq.br\/0407489410040797\" target=\"_blank\" rel=\"noreferrer noopener\" aria-label=\" (abre numa nova aba)\">Dalva Reinheimer<\/a>  <\/td><\/tr><\/tbody><\/table>\n\n\n\n<div class=\"wp-block-button aligncenter is-style-squared\"><a class=\"wp-block-button__link has-background has-vivid-red-background-color\" href=\"https:\/\/historia.faccat.br\/wordpress\/index.php\/curso\/\">Voltar<\/a><\/div>\n","protected":false},"excerpt":{"rendered":"<p>Para visualizar \u00e9 necess\u00e1rio clicar no \u00edcone . Observa\u00e7\u00e3o:* Todos os trabalhos est\u00e3o em formato .pdf.** Os trabalhos que n\u00e3o est\u00e3o acess\u00edveis \u00e9 porque tiraram nota inferior a 8,5 ou n\u00e3o foi enviado pelo autor. T\u00edtulo: Autor: Clara In\u00eas Cardoso Ghidini Orientador: Marlise Meyrer Avaliadores: Dalva Reinheimer Oktoberfest: a festa da comunidade Autor: Geneci Teresinha [&hellip;]<\/p>\n","protected":false},"author":1,"featured_media":0,"parent":0,"menu_order":0,"comment_status":"closed","ping_status":"closed","template":"","meta":{"footnotes":""},"class_list":["post-188","page","type-page","status-publish","hentry"],"_links":{"self":[{"href":"https:\/\/historia.faccat.br\/wordpress\/index.php\/wp-json\/wp\/v2\/pages\/188","targetHints":{"allow":["GET"]}}],"collection":[{"href":"https:\/\/historia.faccat.br\/wordpress\/index.php\/wp-json\/wp\/v2\/pages"}],"about":[{"href":"https:\/\/historia.faccat.br\/wordpress\/index.php\/wp-json\/wp\/v2\/types\/page"}],"author":[{"embeddable":true,"href":"https:\/\/historia.faccat.br\/wordpress\/index.php\/wp-json\/wp\/v2\/users\/1"}],"replies":[{"embeddable":true,"href":"https:\/\/historia.faccat.br\/wordpress\/index.php\/wp-json\/wp\/v2\/comments?post=188"}],"version-history":[{"count":9,"href":"https:\/\/historia.faccat.br\/wordpress\/index.php\/wp-json\/wp\/v2\/pages\/188\/revisions"}],"predecessor-version":[{"id":478,"href":"https:\/\/historia.faccat.br\/wordpress\/index.php\/wp-json\/wp\/v2\/pages\/188\/revisions\/478"}],"wp:attachment":[{"href":"https:\/\/historia.faccat.br\/wordpress\/index.php\/wp-json\/wp\/v2\/media?parent=188"}],"curies":[{"name":"wp","href":"https:\/\/api.w.org\/{rel}","templated":true}]}}