{"id":192,"date":"2019-07-31T19:43:10","date_gmt":"2019-07-31T22:43:10","guid":{"rendered":"https:\/\/historia.faccat.br\/?page_id=192"},"modified":"2019-10-19T10:10:56","modified_gmt":"2019-10-19T13:10:56","slug":"2009-2","status":"publish","type":"page","link":"https:\/\/historia.faccat.br\/wordpress\/index.php\/2009-2\/","title":{"rendered":"2009"},"content":{"rendered":"\n<p>Para visualizar \u00e9 necess\u00e1rio clicar no \u00edcone <img loading=\"lazy\" decoding=\"async\" width=\"20\" height=\"20\" class=\"wp-image-231\" style=\"width: 20px;\" src=\"https:\/\/historia.faccat.br\/wp-content\/uploads\/2019\/08\/pdf-file-format-symbol.png\" alt=\"\" srcset=\"https:\/\/historia.faccat.br\/wordpress\/wp-content\/uploads\/2019\/08\/pdf-file-format-symbol.png 512w, https:\/\/historia.faccat.br\/wordpress\/wp-content\/uploads\/2019\/08\/pdf-file-format-symbol-150x150.png 150w, https:\/\/historia.faccat.br\/wordpress\/wp-content\/uploads\/2019\/08\/pdf-file-format-symbol-300x300.png 300w\" sizes=\"auto, (max-width: 20px) 100vw, 20px\" \/>.<\/p>\n\n\n\n<p class=\"has-small-font-size\">Observa\u00e7\u00e3o:<br>* Todos os trabalhos est\u00e3o em formato .pdf.<br>** Os trabalhos que n\u00e3o est\u00e3o acess\u00edveis \u00e9 porque tiraram nota inferior a 8,5 ou n\u00e3o foi enviado pelo autor. <\/p>\n\n\n\n<table class=\"wp-block-table has-subtle-pale-pink-background-color has-background is-style-stripes\"><tbody><tr><td><strong>Princesa Isabel: o papel de uma mulher na aboli\u00e7\u00e3o da escravid\u00e3o no Brasil<\/strong><br>Autor:&nbsp;D\u00e9bora Jaqueline Thewes Schmitt<br>Orientador:&nbsp;<a rel=\"noreferrer noopener\" aria-label=\"Daniel Luciano Gevehr (abre numa nova aba)\" href=\"http:\/\/lattes.cnpq.br\/0120499154280445\" target=\"_blank\">Daniel Luciano Gevehr<\/a><br>Avaliadores:&nbsp;<a href=\"http:\/\/lattes.cnpq.br\/1260635590703078\">Lucian<\/a><a rel=\"noreferrer noopener\" aria-label=\"e Wagner Raup (abre numa nova aba)\" href=\"http:\/\/lattes.cnpq.br\/1260635590703078\" target=\"_blank\">e Wagner Raup<\/a><a href=\"http:\/\/lattes.cnpq.br\/1260635590703078\">p<\/a>&nbsp;e&nbsp;<a rel=\"noreferrer noopener\" aria-label=\"Marlise Meyrer  (abre numa nova aba)\" href=\"http:\/\/lattes.cnpq.br\/8160991187326250\" target=\"_blank\">Marlise Meyrer <\/a><\/td><td><\/td><\/tr><tr><td><strong>Mulheres no per\u00edodo da Ditadura Militar no Brasil (1964 &#8211; 1985)<\/strong><br>Autor: Elisa Machado<br>Orientador:&nbsp;<a rel=\"noreferrer noopener\" aria-label=\" (abre numa nova aba)\" href=\"http:\/\/lattes.cnpq.br\/8296134223783851\" target=\"_blank\">Elaine Smaniotto<\/a><br>Avaliadores: Jaqueline Machado Venson e&nbsp;<a rel=\"noreferrer noopener\" aria-label=\" (abre numa nova aba)\" href=\"http:\/\/lattes.cnpq.br\/8160991187326250\" target=\"_blank\">Marlise Meyrer<\/a> <\/td><td><\/td><\/tr><tr><td><strong>Do lar \u00e0s f\u00e1bricas: pap\u00e9is sociais exercidos pelas mulheres em S\u00e3o Paulo e Rio de Janeiro (1889 &#8211; 1930)<\/strong><br>Autor: Fernanda de Souza Freiberger<br>Orientador:&nbsp;<a rel=\"noreferrer noopener\" aria-label=\" (abre numa nova aba)\" href=\"http:\/\/lattes.cnpq.br\/8296134223783851\" target=\"_blank\">Elaine Smaniotto<\/a><br>Avaliadores:&nbsp;<a rel=\"noreferrer noopener\" aria-label=\" (abre numa nova aba)\" href=\"http:\/\/lattes.cnpq.br\/0120499154280445\" target=\"_blank\">Daniel Luciano Gevehr<\/a>&nbsp;e&nbsp;<a rel=\"noreferrer noopener\" aria-label=\" (abre numa nova aba)\" href=\"http:\/\/lattes.cnpq.br\/2517258215107673\" target=\"_blank\">Jorgia Marisa Seibel<\/a> <\/td><td><\/td><\/tr><tr><td><strong>Mem\u00f3ria e hist\u00f3ria da Ciranda Musical Teuto-Rio-Grandense<\/strong><br>Autor: Helena Marta Herrmann<br>Orientador:&nbsp;<a rel=\"noreferrer noopener\" aria-label=\" (abre numa nova aba)\" href=\"http:\/\/lattes.cnpq.br\/8296134223783851\" target=\"_blank\">Elaine Smaniotto<\/a><br>Avaliadores: Raquel Backes e&nbsp;<a rel=\"noreferrer noopener\" aria-label=\" (abre numa nova aba)\" href=\"http:\/\/lattes.cnpq.br\/0932162043818858\" target=\"_blank\">Tathiana de Farias Mueller<\/a> <\/td><td><\/td><\/tr><tr><td><strong>Imigra\u00e7\u00e3o Judaica: a forma\u00e7\u00e3o da comunidade de Porto Alegre (1930 &#8211; 1960)<\/strong><br>Autor: Ivanor Brizolla do Amaral<br>Orientador:&nbsp;<a rel=\"noreferrer noopener\" aria-label=\" (abre numa nova aba)\" href=\"http:\/\/lattes.cnpq.br\/0120499154280445\" target=\"_blank\">Daniel Luciano Gevehr<\/a><br>Avaliadores:&nbsp;<a rel=\"noreferrer noopener\" aria-label=\" (abre numa nova aba)\" href=\"http:\/\/lattes.cnpq.br\/1357062115992573\" target=\"_blank\">Adriane Viana<\/a>&nbsp;e&nbsp;<a rel=\"noreferrer noopener\" aria-label=\" (abre numa nova aba)\" href=\"http:\/\/lattes.cnpq.br\/8160991187326250\" target=\"_blank\">Marlise Meyrer<\/a> <\/td><td><\/td><\/tr><tr><td><strong>Religiosidade, cultura e sociabilidade: a imigra\u00e7\u00e3o polonesa em Riozinho<\/strong><br>Autor: Jean Mickael Both<br>Orientador:&nbsp;<a rel=\"noreferrer noopener\" aria-label=\" (abre numa nova aba)\" href=\"http:\/\/lattes.cnpq.br\/8296134223783851\" target=\"_blank\">Elaine Smaniotto<\/a><br>Avaliadores:&nbsp;<a rel=\"noreferrer noopener\" aria-label=\" (abre numa nova aba)\" href=\"http:\/\/lattes.cnpq.br\/5004407197335303\" target=\"_blank\">Marcos Antonio Witt<\/a>&nbsp;e&nbsp;<a rel=\"noreferrer noopener\" aria-label=\" (abre numa nova aba)\" href=\"http:\/\/lattes.cnpq.br\/5592131370756851\" target=\"_blank\">Doris Rejane Fernandes<\/a> <\/td><td><\/td><\/tr><tr><td><strong>Doutrina de Seguran\u00e7a Nacional: legitimidade e sustentabilidade aos governos militares brasileiros de 1964 &#8211; 1984<\/strong><br>Autor:&nbsp;<a rel=\"noreferrer noopener\" aria-label=\" (abre numa nova aba)\" href=\"http:\/\/lattes.cnpq.br\/4749286289942938\" target=\"_blank\">Josias Ezequiel Julierme Mazzurana<\/a><br>Orientador:&nbsp;<a rel=\"noreferrer noopener\" aria-label=\" (abre numa nova aba)\" href=\"http:\/\/lattes.cnpq.br\/5592131370756851\" target=\"_blank\">Doris Rejane Fernandes<\/a><br>Avaliadores:&nbsp;<a rel=\"noreferrer noopener\" aria-label=\" (abre numa nova aba)\" href=\"http:\/\/lattes.cnpq.br\/0407489410040797\" target=\"_blank\">Dalva Reinheimer<\/a>&nbsp;e&nbsp;<a rel=\"noreferrer noopener\" aria-label=\" (abre numa nova aba)\" href=\"http:\/\/lattes.cnpq.br\/2517258215107673\" target=\"_blank\">Jorgia Marisa Seibel<\/a> <\/td><td><\/td><\/tr><tr><td> <strong>As casas comerciais de Santo Ant\u00f4nio da Patrulha na d\u00e9cada de 1950: rumo ao desenvolvimento econ\u00f4mico do munic\u00edpio<\/strong><br>Autor: Leandro Melo da Rosa<br>Orientador:&nbsp;<a rel=\"noreferrer noopener\" aria-label=\" (abre numa nova aba)\" href=\"http:\/\/lattes.cnpq.br\/5592131370756851\" target=\"_blank\">Doris Rejane Fernandes<\/a><br>Avaliadores:&nbsp;<a rel=\"noreferrer noopener\" aria-label=\" (abre numa nova aba)\" href=\"http:\/\/lattes.cnpq.br\/0407489410040797\" target=\"_blank\">Dalva Reinheimer<\/a>&nbsp;e&nbsp;<a rel=\"noreferrer noopener\" aria-label=\" (abre numa nova aba)\" href=\"http:\/\/lattes.cnpq.br\/8296134223783851\" target=\"_blank\">Elaine Smaniotto<\/a> <\/td><td><\/td><\/tr><tr><td><strong>A Ditadura Militar no Brasil: o aparelho repressivo do Estado e as pr\u00e1ticas de tortura (1964 &#8211; 1985)<\/strong><br>Autor: Leonir Terezinha Tonet<br>Orientador:&nbsp;<a rel=\"noreferrer noopener\" aria-label=\" (abre numa nova aba)\" href=\"http:\/\/lattes.cnpq.br\/5592131370756851\" target=\"_blank\">Doris Rejane Fernandes<\/a><br>Avaliadores:&nbsp;<a rel=\"noreferrer noopener\" aria-label=\" (abre numa nova aba)\" href=\"http:\/\/lattes.cnpq.br\/2517258215107673\" target=\"_blank\">Jorgia Marisa Seibel<\/a>&nbsp;e&nbsp;<a rel=\"noreferrer noopener\" aria-label=\" (abre numa nova aba)\" href=\"http:\/\/lattes.cnpq.br\/0407489410040797\" target=\"_blank\">Dalva Reinheimer<\/a> <\/td><td><\/td><\/tr><tr><td><strong>A d\u00e9cada de 1960 no Brasil: a repress\u00e3o e a luta pela democracia<\/strong><br>Autor:&nbsp;Maria Tereza Lescano Gelinger<br>Orientador:&nbsp;<a rel=\"noreferrer noopener\" aria-label=\" (abre numa nova aba)\" href=\"http:\/\/lattes.cnpq.br\/0120499154280445\" target=\"_blank\">Daniel Luciano Gevehr<\/a><br>Avaliadores:&nbsp;<a rel=\"noreferrer noopener\" aria-label=\" (abre numa nova aba)\" href=\"http:\/\/lattes.cnpq.br\/5004407197335303\" target=\"_blank\">Marcos Antonio Witt<\/a>&nbsp;e&nbsp;<a rel=\"noreferrer noopener\" aria-label=\" (abre numa nova aba)\" href=\"http:\/\/lattes.cnpq.br\/1357062115992573\" target=\"_blank\">Adriane Viana<\/a> <\/td><td><\/td><\/tr><tr><td><strong>Cen\u00e1rio, personagens e enredo de um processo migrat\u00f3rio: Sapiranga (1970 &#8211; 1990)<\/strong><br>Autor:&nbsp;<a rel=\"noreferrer noopener\" aria-label=\" (abre numa nova aba)\" href=\"http:\/\/lattes.cnpq.br\/0630587957860734\" target=\"_blank\">Medianeira Hartmann Naissinger<\/a><br>Orientador:&nbsp;<a rel=\"noreferrer noopener\" aria-label=\" (abre numa nova aba)\" href=\"http:\/\/lattes.cnpq.br\/0120499154280445\" target=\"_blank\">Daniel Luciano Gevehr<\/a><br>Avaliadores:&nbsp;<a rel=\"noreferrer noopener\" aria-label=\" (abre numa nova aba)\" href=\"http:\/\/lattes.cnpq.br\/1357062115992573\" target=\"_blank\">Adriane Viana<\/a>&nbsp;e&nbsp;<a rel=\"noreferrer noopener\" aria-label=\" (abre numa nova aba)\" href=\"http:\/\/lattes.cnpq.br\/0407489410040797\" target=\"_blank\">Dalva Reinheimer<\/a> <\/td><td><\/td><\/tr><tr><td><strong>As representa\u00e7\u00f5es da prenda no contexto do CTG Sangue Nativo<\/strong><br>Autor:&nbsp;Taciana Silva dos Santos<br>Orientador:&nbsp;<a rel=\"noreferrer noopener\" aria-label=\" (abre numa nova aba)\" href=\"http:\/\/lattes.cnpq.br\/0120499154280445\" target=\"_blank\">Daniel Luciano Gevehr<\/a><br>Avaliadores:&nbsp;<a rel=\"noreferrer noopener\" aria-label=\" (abre numa nova aba)\" href=\"http:\/\/lattes.cnpq.br\/8296134223783851\" target=\"_blank\">Elaine Smaniotto<\/a>&nbsp;e&nbsp;<a rel=\"noreferrer noopener\" aria-label=\" (abre numa nova aba)\" href=\"http:\/\/lattes.cnpq.br\/4927363787746537\" target=\"_blank\">Jefferson Zuch Dias<\/a> <\/td><td><\/td><\/tr><tr><td><strong>Marquesa de Santos no Brasil Imp\u00e9rio: estudo das suas representa\u00e7\u00f5es<\/strong><br>Autor: Tatiana Fleck<br>Orientador:&nbsp;<a rel=\"noreferrer noopener\" aria-label=\" (abre numa nova aba)\" href=\"http:\/\/lattes.cnpq.br\/0120499154280445\" target=\"_blank\">Daniel Luciano Gevehr<\/a><br>Avaliadores:&nbsp;<a rel=\"noreferrer noopener\" aria-label=\" (abre numa nova aba)\" href=\"http:\/\/lattes.cnpq.br\/1260635590703078\" target=\"_blank\">Luciane Wagner Raupp<\/a>&nbsp;e&nbsp;<a rel=\"noreferrer noopener\" aria-label=\" (abre numa nova aba)\" href=\"http:\/\/lattes.cnpq.br\/8160991187326250\" target=\"_blank\">Marlise Meyrer<\/a> <\/td><td><\/td><\/tr><tr><td><strong>Negros libertos nos espa\u00e7os urbanos de Porto Alegre na d\u00e9cada de 1890<\/strong><br>Autor:&nbsp;Valeria Cristina Barbieri<br>Orientador:&nbsp;<a rel=\"noreferrer noopener\" aria-label=\" (abre numa nova aba)\" href=\"http:\/\/lattes.cnpq.br\/5592131370756851\" target=\"_blank\">Doris Rejane Fernandes<\/a><br>Avaliadores:&nbsp;<a rel=\"noreferrer noopener\" aria-label=\" (abre numa nova aba)\" href=\"http:\/\/lattes.cnpq.br\/8160991187326250\" target=\"_blank\">Marlise Meyrer<\/a>&nbsp;e&nbsp;<a rel=\"noreferrer noopener\" aria-label=\" (abre numa nova aba)\" href=\"http:\/\/lattes.cnpq.br\/8296134223783851\" target=\"_blank\">Elaine Smaniotto<\/a> <\/td><td><\/td><\/tr><tr><td><strong>Atriz brasileira: Cacilda Becker e a censura (1964 &#8211; 1969)<\/strong><br>Autor:&nbsp;Vera Beatriz Bauer Scheffler<br>Orientador:&nbsp;<a rel=\"noreferrer noopener\" aria-label=\" (abre numa nova aba)\" href=\"http:\/\/lattes.cnpq.br\/0120499154280445\" target=\"_blank\">Daniel Luciano Gevehr<\/a><br>Avaliadores:&nbsp;<a rel=\"noreferrer noopener\" aria-label=\" (abre numa nova aba)\" href=\"http:\/\/lattes.cnpq.br\/1260635590703078\" target=\"_blank\">Luciane Wagner Raupp<\/a>&nbsp;e&nbsp;<a rel=\"noreferrer noopener\" aria-label=\" (abre numa nova aba)\" href=\"http:\/\/lattes.cnpq.br\/8160991187326250\" target=\"_blank\">Marlise Meyrer<\/a> <\/td><td><a href=\"https:\/\/historia.faccat.br\/wordpress\/wp-content\/uploads\/2019\/08\/2009_Vera_Beatriz_Bauer_Scheffler.pdf\" target=\"_blank\" rel=\"noreferrer noopener\" aria-label=\"\ufffc (abre numa nova aba)\"><img loading=\"lazy\" decoding=\"async\" width=\"50\" height=\"50\" class=\"wp-image-231\" style=\"width: 50px;\" src=\"https:\/\/historia.faccat.br\/wp-content\/uploads\/2019\/08\/pdf-file-format-symbol.png\" alt=\"\" srcset=\"https:\/\/historia.faccat.br\/wordpress\/wp-content\/uploads\/2019\/08\/pdf-file-format-symbol.png 512w, https:\/\/historia.faccat.br\/wordpress\/wp-content\/uploads\/2019\/08\/pdf-file-format-symbol-150x150.png 150w, https:\/\/historia.faccat.br\/wordpress\/wp-content\/uploads\/2019\/08\/pdf-file-format-symbol-300x300.png 300w\" sizes=\"auto, (max-width: 50px) 100vw, 50px\" \/><\/a><\/td><\/tr><\/tbody><\/table>\n\n\n\n<div class=\"wp-block-button aligncenter is-style-squared\"><a class=\"wp-block-button__link has-background has-vivid-red-background-color\" href=\"https:\/\/historia.faccat.br\/wordpress\/index.php\/curso\/\">Voltar<\/a><\/div>\n","protected":false},"excerpt":{"rendered":"<p>Para visualizar \u00e9 necess\u00e1rio clicar no \u00edcone . Observa\u00e7\u00e3o:* Todos os trabalhos est\u00e3o em formato .pdf.** Os trabalhos que n\u00e3o est\u00e3o acess\u00edveis \u00e9 porque tiraram nota inferior a 8,5 ou n\u00e3o foi enviado pelo autor. Princesa Isabel: o papel de uma mulher na aboli\u00e7\u00e3o da escravid\u00e3o no BrasilAutor:&nbsp;D\u00e9bora Jaqueline Thewes SchmittOrientador:&nbsp;Daniel Luciano GevehrAvaliadores:&nbsp;Luciane Wagner Raupp&nbsp;e&nbsp;Marlise [&hellip;]<\/p>\n","protected":false},"author":1,"featured_media":0,"parent":0,"menu_order":0,"comment_status":"closed","ping_status":"closed","template":"","meta":{"footnotes":""},"class_list":["post-192","page","type-page","status-publish","hentry"],"_links":{"self":[{"href":"https:\/\/historia.faccat.br\/wordpress\/index.php\/wp-json\/wp\/v2\/pages\/192","targetHints":{"allow":["GET"]}}],"collection":[{"href":"https:\/\/historia.faccat.br\/wordpress\/index.php\/wp-json\/wp\/v2\/pages"}],"about":[{"href":"https:\/\/historia.faccat.br\/wordpress\/index.php\/wp-json\/wp\/v2\/types\/page"}],"author":[{"embeddable":true,"href":"https:\/\/historia.faccat.br\/wordpress\/index.php\/wp-json\/wp\/v2\/users\/1"}],"replies":[{"embeddable":true,"href":"https:\/\/historia.faccat.br\/wordpress\/index.php\/wp-json\/wp\/v2\/comments?post=192"}],"version-history":[{"count":9,"href":"https:\/\/historia.faccat.br\/wordpress\/index.php\/wp-json\/wp\/v2\/pages\/192\/revisions"}],"predecessor-version":[{"id":486,"href":"https:\/\/historia.faccat.br\/wordpress\/index.php\/wp-json\/wp\/v2\/pages\/192\/revisions\/486"}],"wp:attachment":[{"href":"https:\/\/historia.faccat.br\/wordpress\/index.php\/wp-json\/wp\/v2\/media?parent=192"}],"curies":[{"name":"wp","href":"https:\/\/api.w.org\/{rel}","templated":true}]}}