{"id":194,"date":"2019-07-31T19:43:19","date_gmt":"2019-07-31T22:43:19","guid":{"rendered":"https:\/\/historia.faccat.br\/?page_id=194"},"modified":"2019-10-19T10:16:44","modified_gmt":"2019-10-19T13:16:44","slug":"2010-2","status":"publish","type":"page","link":"https:\/\/historia.faccat.br\/wordpress\/index.php\/2010-2\/","title":{"rendered":"2010"},"content":{"rendered":"\n<p> Para acessar a monografia \u00e9 necess\u00e1rio clicar no \u00edcone <img loading=\"lazy\" decoding=\"async\" width=\"20\" height=\"20\" class=\"wp-image-231\" style=\"width: 20px;\" src=\"https:\/\/historia.faccat.br\/wp-content\/uploads\/2019\/08\/pdf-file-format-symbol.png\" alt=\"\" srcset=\"https:\/\/historia.faccat.br\/wordpress\/wp-content\/uploads\/2019\/08\/pdf-file-format-symbol.png 512w, https:\/\/historia.faccat.br\/wordpress\/wp-content\/uploads\/2019\/08\/pdf-file-format-symbol-150x150.png 150w, https:\/\/historia.faccat.br\/wordpress\/wp-content\/uploads\/2019\/08\/pdf-file-format-symbol-300x300.png 300w\" sizes=\"auto, (max-width: 20px) 100vw, 20px\" \/>.<\/p>\n\n\n\n<p class=\"has-small-font-size\">\n\nObserva\u00e7\u00e3o:<br>* Todos os trabalhos est\u00e3o em formato .pdf.<br>** Os trabalhos que n\u00e3o est\u00e3o acess\u00edveis \u00e9 porque tiraram nota inferior a 8,5 ou n\u00e3o foi enviado pelo autor. \n\n<\/p>\n\n\n\n<table class=\"wp-block-table has-subtle-pale-pink-background-color has-background is-style-stripes\"><tbody><tr><td><strong>Paisagens urbanas e suas representa\u00e7\u00f5es fotogr\u00e1ficas: cidade de Taquara (1882-1930)<\/strong><br>Autor:&nbsp;<a href=\"http:\/\/lattes.cnpq.br\/2096887402617415\">Alex Juarez M\u00fcller<\/a><br>Orientador:&nbsp;<a href=\"http:\/\/lattes.cnpq.br\/8296134223783851\">Elaine Smaniotto<\/a><br>Avaliadores:&nbsp;<a href=\"http:\/\/lattes.cnpq.br\/8160991187326250\">Marlise Meyrer<\/a>&nbsp;e Maria Luiza Monteiro de Barros <\/td><td><a rel=\"noreferrer noopener\" aria-label=\"\ufffc (abre numa nova aba)\" href=\"https:\/\/historia.faccat.br\/wordpress\/wp-content\/uploads\/2019\/08\/2010_Alex_Muller.pdf\" target=\"_blank\"><img loading=\"lazy\" decoding=\"async\" width=\"25\" height=\"25\" class=\"wp-image-231\" style=\"width: 25px;\" src=\"https:\/\/historia.faccat.br\/wp-content\/uploads\/2019\/08\/pdf-file-format-symbol.png\" alt=\"\" srcset=\"https:\/\/historia.faccat.br\/wordpress\/wp-content\/uploads\/2019\/08\/pdf-file-format-symbol.png 512w, https:\/\/historia.faccat.br\/wordpress\/wp-content\/uploads\/2019\/08\/pdf-file-format-symbol-150x150.png 150w, https:\/\/historia.faccat.br\/wordpress\/wp-content\/uploads\/2019\/08\/pdf-file-format-symbol-300x300.png 300w\" sizes=\"auto, (max-width: 25px) 100vw, 25px\" \/><\/a><\/td><\/tr><tr><td><strong>Interpreta\u00e7\u00f5es contempor\u00e2neas: o carnaval na historiografia brasileira<\/strong><br>Autor:&nbsp;<a href=\"http:\/\/lattes.cnpq.br\/3174108537212103\">Angela Zambelli dos Passos<\/a><br>Orientador:&nbsp;<a href=\"http:\/\/lattes.cnpq.br\/5592131370756851\">Doris Rejane Fernandes<\/a><br>Avaliadores:&nbsp;<a href=\"http:\/\/lattes.cnpq.br\/0407489410040797\">Dalva Reinheimer<\/a>&nbsp;e&nbsp;<a href=\"http:\/\/lattes.cnpq.br\/8296134223783851\">Elaine Smaniotto<\/a> <\/td><td><a rel=\"noreferrer noopener\" aria-label=\"\ufffc (abre numa nova aba)\" href=\"https:\/\/historia.faccat.br\/wordpress\/wp-content\/uploads\/2019\/08\/2010_Angela_Zambelli_dos_Passos.pdf\" target=\"_blank\"><img loading=\"lazy\" decoding=\"async\" width=\"25\" height=\"25\" class=\"wp-image-231\" style=\"width: 25px;\" src=\"https:\/\/historia.faccat.br\/wp-content\/uploads\/2019\/08\/pdf-file-format-symbol.png\" alt=\"\" srcset=\"https:\/\/historia.faccat.br\/wordpress\/wp-content\/uploads\/2019\/08\/pdf-file-format-symbol.png 512w, https:\/\/historia.faccat.br\/wordpress\/wp-content\/uploads\/2019\/08\/pdf-file-format-symbol-150x150.png 150w, https:\/\/historia.faccat.br\/wordpress\/wp-content\/uploads\/2019\/08\/pdf-file-format-symbol-300x300.png 300w\" sizes=\"auto, (max-width: 25px) 100vw, 25px\" \/><\/a><\/td><\/tr><tr><td><strong>Do uso do espartilho \u00e0s ruas: o papel do Coco Chanel nas transforma\u00e7\u00f5es do vestu\u00e1rio feminino no in\u00edcio do s\u00e9culo XX<\/strong><br>Autor:&nbsp;<a href=\"http:\/\/lattes.cnpq.br\/7791100349548059\">Camila Martins<\/a><br>Orientador:&nbsp;<a href=\"http:\/\/lattes.cnpq.br\/0120499154280445\">Daniel Luciano Gevehr<\/a><br>Avaliadores:&nbsp;<a href=\"http:\/\/lattes.cnpq.br\/8160991187326250\">Marlise Meyrer<\/a>&nbsp;e&nbsp;<a href=\"http:\/\/lattes.cnpq.br\/1260635590703078\">Luciane Wagner Raupp<\/a> <\/td><td><\/td><\/tr><tr><td><strong>A era JK: um projeto desenvolvimentista<\/strong><br>Autor: Carlos Luis Bender<br>Orientador:&nbsp;<a href=\"http:\/\/lattes.cnpq.br\/5592131370756851\">Doris Rejane Fernandes<\/a><br>Avaliadores:&nbsp;<a href=\"http:\/\/lattes.cnpq.br\/2517258215107673\">Jorgia Maria Seibel<\/a>&nbsp;e&nbsp;<a href=\"http:\/\/lattes.cnpq.br\/0407489410040797\">Dalva Reinheimer<\/a> <\/td><td><\/td><\/tr><tr><td><strong>Viol\u00eancia contra as mulheres militantes no per\u00edodo da ditadura militar no Brasil<\/strong><br>Autor: Caroline Engelmann<br>Orientador:&nbsp;<a href=\"http:\/\/lattes.cnpq.br\/5592131370756851\">Doris Rejane Fernandes<\/a><br>Avaliadores:&nbsp;<a href=\"http:\/\/lattes.cnpq.br\/8160991187326250\">Marlise Meyrer<\/a>&nbsp;e&nbsp;<a href=\"http:\/\/lattes.cnpq.br\/0407489410040797\">Dalva Reinheimer<\/a> <\/td><td><\/td><\/tr><tr><td><strong>As protagonistas an\u00f4nimas da hist\u00f3ria: as mulheres na historiografia do movimento Farroupilha<\/strong><br>Autor:&nbsp;<a href=\"http:\/\/lattes.cnpq.br\/1247354461890035\">Caroline Strassburger<\/a><br>Orientador:&nbsp;<a href=\"http:\/\/lattes.cnpq.br\/0120499154280445\">Daniel Luciano Gevehr<\/a><br>Avaliadores:&nbsp;<a href=\"http:\/\/lattes.cnpq.br\/4927363787746537\">Jefferson Zuch Dias<\/a>&nbsp;e&nbsp;<a href=\"http:\/\/lattes.cnpq.br\/1260635590703078\">Luciane Wagner Raupp<\/a> <\/td><td><a href=\"https:\/\/historia.faccat.br\/wordpress\/wp-content\/uploads\/2019\/08\/2010_Caroline_Strassburger.pdf\" target=\"_blank\" rel=\"noreferrer noopener\" aria-label=\"\ufffc (abre numa nova aba)\"><img loading=\"lazy\" decoding=\"async\" width=\"25\" height=\"25\" class=\"wp-image-231\" style=\"width: 25px;\" src=\"https:\/\/historia.faccat.br\/wp-content\/uploads\/2019\/08\/pdf-file-format-symbol.png\" alt=\"\" srcset=\"https:\/\/historia.faccat.br\/wordpress\/wp-content\/uploads\/2019\/08\/pdf-file-format-symbol.png 512w, https:\/\/historia.faccat.br\/wordpress\/wp-content\/uploads\/2019\/08\/pdf-file-format-symbol-150x150.png 150w, https:\/\/historia.faccat.br\/wordpress\/wp-content\/uploads\/2019\/08\/pdf-file-format-symbol-300x300.png 300w\" sizes=\"auto, (max-width: 25px) 100vw, 25px\" \/><\/a><\/td><\/tr><tr><td><strong>A capela de Santa Cristina do Pinhal: uma refer\u00eancia na hist\u00f3ria da regi\u00e3o (1847-1892)<\/strong><br>Autor: Celia Maria Dias<br>Orientador:&nbsp;<a href=\"http:\/\/lattes.cnpq.br\/0407489410040797\">Dalva Reinheimer<\/a><br>Avaliadores:&nbsp;<a href=\"http:\/\/lattes.cnpq.br\/0120499154280445\">Daniel Luciano Gevehr<\/a>&nbsp;e Maria Cleni Sarmento <\/td><td><a href=\"https:\/\/historia.faccat.br\/wordpress\/wp-content\/uploads\/2019\/08\/2010_Celia_Maria_Dias.pdf\" target=\"_blank\" rel=\"noreferrer noopener\" aria-label=\"\ufffc (abre numa nova aba)\"><img loading=\"lazy\" decoding=\"async\" width=\"25\" height=\"25\" class=\"wp-image-231\" style=\"width: 25px;\" src=\"https:\/\/historia.faccat.br\/wp-content\/uploads\/2019\/08\/pdf-file-format-symbol.png\" alt=\"\" srcset=\"https:\/\/historia.faccat.br\/wordpress\/wp-content\/uploads\/2019\/08\/pdf-file-format-symbol.png 512w, https:\/\/historia.faccat.br\/wordpress\/wp-content\/uploads\/2019\/08\/pdf-file-format-symbol-150x150.png 150w, https:\/\/historia.faccat.br\/wordpress\/wp-content\/uploads\/2019\/08\/pdf-file-format-symbol-300x300.png 300w\" sizes=\"auto, (max-width: 25px) 100vw, 25px\" \/><\/a><\/td><\/tr><tr><td><strong>Sabores e valores: o mundo feminino na coloniza\u00e7\u00e3o alem\u00e3 (Gramado 1990-1950)<\/strong><br>Autor: Cicelia Altmayer<br>Orientador:&nbsp;<a href=\"http:\/\/lattes.cnpq.br\/0407489410040797\">Dalva Reinheimer<\/a><br>Avaliadores:&nbsp;<a href=\"http:\/\/lattes.cnpq.br\/0120499154280445\">Daniel Luciano Gevehr<\/a>&nbsp;e Te\u00f3filo Otoni Torronteguy <\/td><td><\/td><\/tr><tr><td><strong>Migrantes em Igrejinha: hist\u00f3ria, mem\u00f3ria e identidade (1970-1990)<\/strong><br>Autor: Cristina Aparecida Trombetta<br>Orientador:&nbsp;<a href=\"http:\/\/lattes.cnpq.br\/8296134223783851\">Elaine Smaniotto<\/a><br>Avaliadores:&nbsp;<a href=\"http:\/\/lattes.cnpq.br\/7067593605209922\">Val\u00e9ria Aydos<\/a>&nbsp;e&nbsp;<a href=\"http:\/\/lattes.cnpq.br\/0407489410040797\">Dalva Reinheimer<\/a> <\/td><td><\/td><\/tr><tr><td><strong>Arqueologia na Amaz\u00f4nia: as diferentes propostas te\u00f3ricas<\/strong><br>Autor: Daniel Martins Hoffmann<br>Orientador:&nbsp;<a href=\"http:\/\/lattes.cnpq.br\/4927363787746537\">Jefferson Dias<\/a><br>Avaliadores:&nbsp;<a href=\"http:\/\/lattes.cnpq.br\/0120499154280445\">Daniel Luciano Gevehr<\/a>&nbsp;e&nbsp;<a href=\"http:\/\/lattes.cnpq.br\/7067593605209922\">Jairo Henrique Rogge<\/a> <\/td><td><\/td><\/tr><tr><td><strong>Triunfo da vontade: cinema, nazismo e propaganda na Alemanha de Hitler<\/strong><br>Autor:&nbsp;<a href=\"http:\/\/lattes.cnpq.br\/5575466272063930\">Guilherme Duarte<\/a><br>Orientador:&nbsp;<a href=\"http:\/\/lattes.cnpq.br\/0120499154280445\">Daniel Luciano Gevehr<\/a><br>Avaliadores:&nbsp;<a href=\"http:\/\/lattes.cnpq.br\/0774191531163918\">Eduardo de Souza Soares<\/a>&nbsp;e&nbsp;<a href=\"http:\/\/lattes.cnpq.br\/8160991187326250\">Marlise Meyer<\/a> <\/td><td><a href=\"https:\/\/historia.faccat.br\/wordpress\/wp-content\/uploads\/2019\/08\/2010_Guilherme_Duarte.pdf\" target=\"_blank\" rel=\"noreferrer noopener\" aria-label=\"\ufffc (abre numa nova aba)\"><img loading=\"lazy\" decoding=\"async\" width=\"25\" height=\"25\" class=\"wp-image-231\" style=\"width: 25px;\" src=\"https:\/\/historia.faccat.br\/wp-content\/uploads\/2019\/08\/pdf-file-format-symbol.png\" alt=\"\" srcset=\"https:\/\/historia.faccat.br\/wordpress\/wp-content\/uploads\/2019\/08\/pdf-file-format-symbol.png 512w, https:\/\/historia.faccat.br\/wordpress\/wp-content\/uploads\/2019\/08\/pdf-file-format-symbol-150x150.png 150w, https:\/\/historia.faccat.br\/wordpress\/wp-content\/uploads\/2019\/08\/pdf-file-format-symbol-300x300.png 300w\" sizes=\"auto, (max-width: 25px) 100vw, 25px\" \/><\/a><\/td><\/tr><tr><td><strong>Miss\u00f5es: as representa\u00e7\u00f5es de um passado atrav\u00e9s do patrim\u00f4nio hist\u00f3rico<\/strong><br>Autor:&nbsp;<a href=\"http:\/\/lattes.cnpq.br\/9304223492940548\">Joice Scheila Caloni<\/a><br>Orientador:&nbsp;<a href=\"http:\/\/lattes.cnpq.br\/8160991187326250\">Marlise Meyrer<\/a><br>Avaliadores:&nbsp;<a href=\"http:\/\/lattes.cnpq.br\/5004407197335303\">Marcos Antonio Witt<\/a>&nbsp;e&nbsp;<a href=\"http:\/\/lattes.cnpq.br\/0120499154280445\">Daniel Luciano Gevehr<\/a> <\/td><td><\/td><\/tr><tr><td><strong>Parque da Guarda: lugar de mem\u00f3ria e representa\u00e7\u00e3o da cultura de Santo Ant\u00f4nio da Patrulha (RS)<\/strong><br>Autor:&nbsp;<a href=\"http:\/\/lattes.cnpq.br\/0432218853026527\">Maicon Diego Rodrigues<\/a><br>Orientador:&nbsp;<a href=\"http:\/\/lattes.cnpq.br\/0120499154280445\">Daniel Luciano Gevehr<\/a><br>Avaliadores: <\/td><td><\/td><\/tr><tr><td><strong>Conhecendo, registrando e preservando a cultura musical do negro no munic\u00edpio de Taquara-RS (1888-1940)<\/strong><br>Autor: Marcos Aurelio Azevedo<br>Orientador:&nbsp;<a href=\"http:\/\/lattes.cnpq.br\/8296134223783851\">Elaine Smaniotto<\/a><br>Avaliadores: Oscar Martins Bobsin e&nbsp;<a href=\"http:\/\/lattes.cnpq.br\/0407489410040797\">Dalva Reinheimer<\/a> <\/td><td><\/td><\/tr><tr><td><strong>A rela\u00e7\u00e3o entre a televis\u00e3o e o tradicionalismo no Rio Grande do Sul<\/strong><br>Autor:&nbsp;Neiva Maria Demenigui da Silva<br>Orientador:&nbsp;<a href=\"http:\/\/lattes.cnpq.br\/0407489410040797\">Dalva Reinheimer<\/a><br>Avaliadores:&nbsp;<a href=\"http:\/\/lattes.cnpq.br\/0774191531163918\">Eduardo de Souza Soares<\/a>&nbsp;e&nbsp;<a href=\"http:\/\/lattes.cnpq.br\/8160991187326250\">Marlise Meyrer<\/a> <\/td><td><\/td><\/tr><tr><td><strong>O longe \u00e9 perto no CTG: a influ\u00eancia do quadro socioecon\u00f4mico do Rio Grande do Sul na conforma\u00e7\u00e3o sociocultural tradicionalista (1940-1950)<\/strong><br>Autor:&nbsp;<a href=\"http:\/\/lattes.cnpq.br\/3706267373118765\">Pedro Orsi Vargas<\/a><br>Orientador:&nbsp;<a href=\"http:\/\/lattes.cnpq.br\/0407489410040797\">Dalva Reinheimer<\/a><br>Avaliadores: Alexandre Basei Beeck e&nbsp;<a href=\"http:\/\/lattes.cnpq.br\/5592131370756851\">Doris Rejane Fernandes<\/a> <\/td><td><\/td><\/tr><tr><td><strong>Rep\u00fablica Velha Ga\u00facha: um repensar sobre a economia e pol\u00edtica<\/strong><br>Autor:&nbsp;Regina Maria Mensch<br>Orientador:&nbsp;<a href=\"http:\/\/lattes.cnpq.br\/0407489410040797\">Dalva Reinheimer<\/a><br>Avaliadores: Marcelo Bischoff e&nbsp;<a href=\"http:\/\/lattes.cnpq.br\/5592131370756851\">Doris Rejane Fernandes<\/a> <\/td><td><\/td><\/tr><tr><td><strong>Os luteranos e a implanta\u00e7\u00e3o da Igreja Evang\u00e9lica Luterana do Brasil em S\u00e3o Francisco de Paula<\/strong><br>Autor:&nbsp;Ronete de F\u00e1tima da Silva Sita<br>Orientador:&nbsp;<a href=\"http:\/\/lattes.cnpq.br\/4927363787746537\">Jefferson Zuch Dias<\/a><br>Avaliadores:&nbsp;<a href=\"http:\/\/lattes.cnpq.br\/8679182448370232\">Manfredo Carlos Wachs<\/a>&nbsp;e&nbsp;<a href=\"http:\/\/lattes.cnpq.br\/5088540185214074\">Domingos Kimieciki<\/a> <\/td><td><\/td><\/tr><tr><td><strong>Feminismo no Brasil duas mulheres e um objetivo: a conquista do espa\u00e7o p\u00fablico (1922-1937)<\/strong><br>Autor:&nbsp;Rosemeri Vittorassi<br>Orientador:&nbsp;<a href=\"http:\/\/lattes.cnpq.br\/8160991187326250\">Marlise Meyrer<\/a><br>Avaliadores:&nbsp;<a href=\"http:\/\/lattes.cnpq.br\/0120499154280445\">Daniel Luciano Gevehr<\/a>&nbsp;e&nbsp;<a href=\"http:\/\/lattes.cnpq.br\/8296134223783851\">Elaine Smaniotto<\/a> <\/td><td><a href=\"https:\/\/historia.faccat.br\/wordpress\/wp-content\/uploads\/2019\/08\/2010_Rosemeri_Vittorassi.pdf\" target=\"_blank\" rel=\"noreferrer noopener\" aria-label=\"\ufffc (abre numa nova aba)\"><img loading=\"lazy\" decoding=\"async\" width=\"25\" height=\"25\" class=\"wp-image-231\" style=\"width: 25px;\" src=\"https:\/\/historia.faccat.br\/wp-content\/uploads\/2019\/08\/pdf-file-format-symbol.png\" alt=\"\" srcset=\"https:\/\/historia.faccat.br\/wordpress\/wp-content\/uploads\/2019\/08\/pdf-file-format-symbol.png 512w, https:\/\/historia.faccat.br\/wordpress\/wp-content\/uploads\/2019\/08\/pdf-file-format-symbol-150x150.png 150w, https:\/\/historia.faccat.br\/wordpress\/wp-content\/uploads\/2019\/08\/pdf-file-format-symbol-300x300.png 300w\" sizes=\"auto, (max-width: 25px) 100vw, 25px\" \/><\/a><\/td><\/tr><tr><td><strong>Os exclu\u00eddos da hist\u00f3ria: os escravos negros nas charqueadas pelotenses &#8211; final do s\u00e9culo XVIII e in\u00edcio do s\u00e9culo XIX<\/strong><br>Autor:&nbsp;<a href=\"http:\/\/lattes.cnpq.br\/2456729930359369\">Rozicler Lisiane Hartz<\/a><br>Orientador:&nbsp;<a href=\"http:\/\/lattes.cnpq.br\/5592131370756851\">Doris Rejane Fernandes<\/a><br>Avaliadores:&nbsp;<a href=\"http:\/\/lattes.cnpq.br\/5004407197335303\">Marcos Antonio Witt<\/a>&nbsp;e&nbsp;<a href=\"http:\/\/lattes.cnpq.br\/8296134223783851\">Elaine Smaniotto<\/a> <\/td><td><\/td><\/tr><tr><td><strong>Ervas, rezas e benzeduras: pr\u00e1ticas populares de cura<\/strong><br>Autor:&nbsp;Sandra Goretti Henz Zimmermann<br>Orientador:&nbsp;<a href=\"http:\/\/lattes.cnpq.br\/4927363787746537\">Jefferson Zuch Dias<\/a><br>Avaliadores:&nbsp;<a href=\"http:\/\/lattes.cnpq.br\/7067593605209922\">Val\u00e9ria Aydos<\/a>&nbsp;e&nbsp;<a href=\"http:\/\/lattes.cnpq.br\/8160991187326250\">Marlise Meyrer<\/a> <\/td><td><\/td><\/tr><tr><td><strong>A m\u00fasica popular brasileira como elemento de resist\u00eancia ao regime militar no Brasil (1964-1985)<\/strong><br>Autor:&nbsp;Sheila Garc\u00eaz<br>Orientador:&nbsp;<a href=\"http:\/\/lattes.cnpq.br\/5592131370756851\">Doris Rejane Fernandes<\/a><br>Avaliadores:&nbsp;<a href=\"http:\/\/lattes.cnpq.br\/2517258215107673\">Jorgia Marisa Seibel<\/a>&nbsp;e&nbsp;<a href=\"http:\/\/lattes.cnpq.br\/0774191531163918\">Eduardo de Souza Soares<\/a> <\/td><td><\/td><\/tr><tr><td><strong>Cidade verde: a elei\u00e7\u00e3o dos s\u00edmbolos para a constru\u00e7\u00e3o da imagem da cidade de Tr\u00eas Coroas<\/strong><br>Autor:&nbsp;Veridiana Pereira Dias<br>Orientador:&nbsp;<a href=\"http:\/\/lattes.cnpq.br\/0120499154280445\">Daniel Luciano Gevehr<\/a><br>Avaliadores:&nbsp;<a href=\"http:\/\/lattes.cnpq.br\/1357062115992573\">Adriane Viana<\/a>&nbsp;e&nbsp;<a href=\"http:\/\/lattes.cnpq.br\/5004407197335303\">Marcos Antonio Witt<\/a> <\/td><td><\/td><\/tr><\/tbody><\/table>\n\n\n\n<div class=\"wp-block-button aligncenter is-style-squared\"><a class=\"wp-block-button__link has-background has-vivid-red-background-color\" href=\"https:\/\/historia.faccat.br\/wordpress\/index.php\/curso\/\">Voltar<\/a><\/div>\n","protected":false},"excerpt":{"rendered":"<p>Para acessar a monografia \u00e9 necess\u00e1rio clicar no \u00edcone . Observa\u00e7\u00e3o:* Todos os trabalhos est\u00e3o em formato .pdf.** Os trabalhos que n\u00e3o est\u00e3o acess\u00edveis \u00e9 porque tiraram nota inferior a 8,5 ou n\u00e3o foi enviado pelo autor. Paisagens urbanas e suas representa\u00e7\u00f5es fotogr\u00e1ficas: cidade de Taquara (1882-1930)Autor:&nbsp;Alex Juarez M\u00fcllerOrientador:&nbsp;Elaine SmaniottoAvaliadores:&nbsp;Marlise Meyrer&nbsp;e Maria Luiza Monteiro de [&hellip;]<\/p>\n","protected":false},"author":1,"featured_media":0,"parent":0,"menu_order":0,"comment_status":"closed","ping_status":"closed","template":"","meta":{"footnotes":""},"class_list":["post-194","page","type-page","status-publish","hentry"],"_links":{"self":[{"href":"https:\/\/historia.faccat.br\/wordpress\/index.php\/wp-json\/wp\/v2\/pages\/194","targetHints":{"allow":["GET"]}}],"collection":[{"href":"https:\/\/historia.faccat.br\/wordpress\/index.php\/wp-json\/wp\/v2\/pages"}],"about":[{"href":"https:\/\/historia.faccat.br\/wordpress\/index.php\/wp-json\/wp\/v2\/types\/page"}],"author":[{"embeddable":true,"href":"https:\/\/historia.faccat.br\/wordpress\/index.php\/wp-json\/wp\/v2\/users\/1"}],"replies":[{"embeddable":true,"href":"https:\/\/historia.faccat.br\/wordpress\/index.php\/wp-json\/wp\/v2\/comments?post=194"}],"version-history":[{"count":15,"href":"https:\/\/historia.faccat.br\/wordpress\/index.php\/wp-json\/wp\/v2\/pages\/194\/revisions"}],"predecessor-version":[{"id":493,"href":"https:\/\/historia.faccat.br\/wordpress\/index.php\/wp-json\/wp\/v2\/pages\/194\/revisions\/493"}],"wp:attachment":[{"href":"https:\/\/historia.faccat.br\/wordpress\/index.php\/wp-json\/wp\/v2\/media?parent=194"}],"curies":[{"name":"wp","href":"https:\/\/api.w.org\/{rel}","templated":true}]}}