{"id":196,"date":"2019-07-31T19:43:27","date_gmt":"2019-07-31T22:43:27","guid":{"rendered":"https:\/\/historia.faccat.br\/?page_id=196"},"modified":"2019-10-19T10:42:35","modified_gmt":"2019-10-19T13:42:35","slug":"2011-2","status":"publish","type":"page","link":"https:\/\/historia.faccat.br\/wordpress\/index.php\/2011-2\/","title":{"rendered":"2011"},"content":{"rendered":"\n<p>  Para acessar a monografia \u00e9 necess\u00e1rio clicar no \u00edcone <img loading=\"lazy\" decoding=\"async\" width=\"20\" height=\"20\" class=\"wp-image-231\" style=\"width: 20px;\" src=\"https:\/\/historia.faccat.br\/wp-content\/uploads\/2019\/08\/pdf-file-format-symbol.png\" alt=\"\" srcset=\"https:\/\/historia.faccat.br\/wordpress\/wp-content\/uploads\/2019\/08\/pdf-file-format-symbol.png 512w, https:\/\/historia.faccat.br\/wordpress\/wp-content\/uploads\/2019\/08\/pdf-file-format-symbol-150x150.png 150w, https:\/\/historia.faccat.br\/wordpress\/wp-content\/uploads\/2019\/08\/pdf-file-format-symbol-300x300.png 300w\" sizes=\"auto, (max-width: 20px) 100vw, 20px\" \/>.<\/p>\n\n\n\n<p class=\"has-small-font-size\">Observa\u00e7\u00e3o:<br>* Todos os trabalhos est\u00e3o em formato .pdf.<br>** Os trabalhos que n\u00e3o est\u00e3o acess\u00edveis \u00e9 porque tiraram nota inferior a 8,5 ou n\u00e3o foi enviado pelo autor.   <\/p>\n\n\n\n<table class=\"wp-block-table has-subtle-pale-pink-background-color has-background is-style-stripes\"><tbody><tr><td><strong>Leonel de Moura Brizola: estudo biogr\u00e1fico. 1944 &#8211; 1964<\/strong><br>Autor:&nbsp;\u00c9dson Rodrigo Becker Rodrigues<br>Orientador:&nbsp;<a href=\"http:\/\/lattes.cnpq.br\/5592131370756851\">Doris Rejane Fernandes<\/a><br>Avaliadores:&nbsp;<a href=\"http:\/\/lattes.cnpq.br\/0407489410040797\">Dalva Reinheimer<\/a>&nbsp;e&nbsp;<a href=\"http:\/\/lattes.cnpq.br\/0774191531163918\">Eduardo de Souza Soares<\/a> <\/td><td><\/td><\/tr><tr><td><strong>Rainha do lar &#8211; mulheres retratadas na propaganda impressa no contexto da d\u00e9cada de 1930<\/strong><br>Autor: Eliane Viana<br>Orientador:&nbsp;<a href=\"http:\/\/lattes.cnpq.br\/0120499154280445\">Daniel Luciano Gevehr<\/a><br>Avaliadores:&nbsp;<a href=\"http:\/\/lattes.cnpq.br\/8160991187326250\">Marlise Meyrer<\/a>&nbsp;e Marcelo Bischoff <\/td><td><\/td><\/tr><tr><td><strong>O teatro no interior do Rio Grande do Sul e o desenvolvimento do turismo cultural: Canela na d\u00e9cada de 1980<\/strong><br>Autor:&nbsp;Indiara Palhano da Silva Seibt<br>Orientador:&nbsp;<a href=\"http:\/\/lattes.cnpq.br\/0120499154280445\">Daniel Luciano Gevehr<\/a><br>Avaliadores: Simone Beyder e&nbsp;<a href=\"http:\/\/lattes.cnpq.br\/8160991187326250\">Marlise Meyrer<\/a> <\/td><td><\/td><\/tr><tr><td><strong>A imprensa e o segundo governo Vargas: uma rela\u00e7\u00e3o conflituosa (1950 &#8211; 1954)<\/strong><br>Autor: Jocelaine Rodrigues dos Santos<br>Orientador:&nbsp;<a href=\"http:\/\/lattes.cnpq.br\/8160991187326250\">Marlise Meyrer<\/a><br>Avaliadores:&nbsp;<a href=\"http:\/\/lattes.cnpq.br\/0120499154280445\">Daniel Luciano Gevehr<\/a>&nbsp;e&nbsp;<a href=\"http:\/\/lattes.cnpq.br\/0774191531163918\">Eduardo de Souza Soares<\/a> <\/td><td><\/td><\/tr><tr><td><strong>O Kerb<\/strong><br>Autor: Luana Aparecida da Silva<br>Orientador:&nbsp;<a href=\"http:\/\/lattes.cnpq.br\/5592131370756851\">Doris Rejane Fernandes<\/a><br>Avaliadores:&nbsp;<a href=\"http:\/\/lattes.cnpq.br\/0774191531163918\">Eduardo de Souza Soares<\/a>&nbsp;e&nbsp;<a href=\"http:\/\/lattes.cnpq.br\/0407489410040797\">Dalva Reinheimer<\/a> <\/td><td><\/td><\/tr><tr><td><strong>O nacionalismo de Vargas no Vale do Paranhana: uma revis\u00e3o historiogr\u00e1fica<\/strong><br>Autor: Michele Ramos Machado<br>Orientador:&nbsp;<a href=\"http:\/\/lattes.cnpq.br\/0774191531163918\">Eduardo Soares<\/a><br>Avaliadores:&nbsp;<a href=\"http:\/\/lattes.cnpq.br\/5004407197335303\">Marcos Antonio Witt<\/a>&nbsp;e&nbsp;<a href=\"http:\/\/lattes.cnpq.br\/8160991187326250\">Marlise Meyrer<\/a> <\/td><td><\/td><\/tr><tr><td><strong>De Aninha a Anita: a constru\u00e7\u00e3o da imagem e as representa\u00e7\u00f5es sobre Anita Garibaldi<\/strong><br>Autor:&nbsp;<a href=\"http:\/\/lattes.cnpq.br\/1142838618418632\">Priscila Dione Machado Sartori<\/a><br>Orientador:&nbsp;<a href=\"http:\/\/lattes.cnpq.br\/8296134223783851\">Elaine Smaniotto<\/a><br>Avaliadores:&nbsp;<a href=\"http:\/\/lattes.cnpq.br\/0120499154280445\">Daniel Luciano Gevehr<\/a>&nbsp;e&nbsp;<a href=\"http:\/\/lattes.cnpq.br\/9281021565713637\">Ana Paulo Moutinho Ferraz<\/a> <\/td><td><\/td><\/tr><\/tbody><\/table>\n\n\n\n<div class=\"wp-block-button aligncenter is-style-squared\"><a class=\"wp-block-button__link has-background has-vivid-red-background-color\" href=\"https:\/\/historia.faccat.br\/wordpress\/index.php\/curso\/\">Voltar<\/a><\/div>\n","protected":false},"excerpt":{"rendered":"<p>Para acessar a monografia \u00e9 necess\u00e1rio clicar no \u00edcone . Observa\u00e7\u00e3o:* Todos os trabalhos est\u00e3o em formato .pdf.** Os trabalhos que n\u00e3o est\u00e3o acess\u00edveis \u00e9 porque tiraram nota inferior a 8,5 ou n\u00e3o foi enviado pelo autor. Leonel de Moura Brizola: estudo biogr\u00e1fico. 1944 &#8211; 1964Autor:&nbsp;\u00c9dson Rodrigo Becker RodriguesOrientador:&nbsp;Doris Rejane FernandesAvaliadores:&nbsp;Dalva Reinheimer&nbsp;e&nbsp;Eduardo de Souza Soares [&hellip;]<\/p>\n","protected":false},"author":1,"featured_media":0,"parent":0,"menu_order":0,"comment_status":"closed","ping_status":"closed","template":"","meta":{"footnotes":""},"class_list":["post-196","page","type-page","status-publish","hentry"],"_links":{"self":[{"href":"https:\/\/historia.faccat.br\/wordpress\/index.php\/wp-json\/wp\/v2\/pages\/196","targetHints":{"allow":["GET"]}}],"collection":[{"href":"https:\/\/historia.faccat.br\/wordpress\/index.php\/wp-json\/wp\/v2\/pages"}],"about":[{"href":"https:\/\/historia.faccat.br\/wordpress\/index.php\/wp-json\/wp\/v2\/types\/page"}],"author":[{"embeddable":true,"href":"https:\/\/historia.faccat.br\/wordpress\/index.php\/wp-json\/wp\/v2\/users\/1"}],"replies":[{"embeddable":true,"href":"https:\/\/historia.faccat.br\/wordpress\/index.php\/wp-json\/wp\/v2\/comments?post=196"}],"version-history":[{"count":5,"href":"https:\/\/historia.faccat.br\/wordpress\/index.php\/wp-json\/wp\/v2\/pages\/196\/revisions"}],"predecessor-version":[{"id":494,"href":"https:\/\/historia.faccat.br\/wordpress\/index.php\/wp-json\/wp\/v2\/pages\/196\/revisions\/494"}],"wp:attachment":[{"href":"https:\/\/historia.faccat.br\/wordpress\/index.php\/wp-json\/wp\/v2\/media?parent=196"}],"curies":[{"name":"wp","href":"https:\/\/api.w.org\/{rel}","templated":true}]}}