{"id":198,"date":"2019-07-31T19:43:35","date_gmt":"2019-07-31T22:43:35","guid":{"rendered":"https:\/\/historia.faccat.br\/?page_id=198"},"modified":"2019-10-19T10:44:32","modified_gmt":"2019-10-19T13:44:32","slug":"2012-2","status":"publish","type":"page","link":"https:\/\/historia.faccat.br\/wordpress\/index.php\/2012-2\/","title":{"rendered":"2012"},"content":{"rendered":"\n<p> Para acessar a monografia \u00e9 necess\u00e1rio clicar no \u00edcone  <img loading=\"lazy\" decoding=\"async\" width=\"20\" height=\"20\" class=\"wp-image-231\" style=\"width: 20px;\" src=\"https:\/\/historia.faccat.br\/wp-content\/uploads\/2019\/08\/pdf-file-format-symbol.png\" alt=\"\" srcset=\"https:\/\/historia.faccat.br\/wordpress\/wp-content\/uploads\/2019\/08\/pdf-file-format-symbol.png 512w, https:\/\/historia.faccat.br\/wordpress\/wp-content\/uploads\/2019\/08\/pdf-file-format-symbol-150x150.png 150w, https:\/\/historia.faccat.br\/wordpress\/wp-content\/uploads\/2019\/08\/pdf-file-format-symbol-300x300.png 300w\" sizes=\"auto, (max-width: 20px) 100vw, 20px\" \/>.<\/p>\n\n\n\n<p class=\"has-small-font-size\">Observa\u00e7\u00e3o:<br>* Todos os trabalhos est\u00e3o em formato .pdf.<br>** Os trabalhos que n\u00e3o est\u00e3o acess\u00edveis \u00e9 porque tiraram nota inferior a 8,5 ou n\u00e3o foi enviado pelo autor.   <\/p>\n\n\n\n<table class=\"wp-block-table has-subtle-pale-pink-background-color has-background is-style-stripes\"><tbody><tr><td><strong>O Nome da Rosa: possibilidades de an\u00e1lise e interpreta\u00e7\u00e3o<br><\/strong>Autor: Adriana Damasceno Moura<br>Orientador:&nbsp;<a href=\"http:\/\/lattes.cnpq.br\/8296134223783851\">Elaine Smaniotto<\/a><br>Avaliadores: Carla Fernanda Thoen e&nbsp;<a href=\"http:\/\/lattes.cnpq.br\/8160991187326250\">Marlise Meyrer<\/a> <\/td><td><\/td><\/tr><tr><td><strong>Belle \u00e9poque: esta\u00e7\u00e3o de veraneio canoense na d\u00e9cada de 1870 at\u00e9 1930<\/strong><br>Autor: Ana Paula Azevedo Vargas<br>Orientador:&nbsp;<a href=\"http:\/\/lattes.cnpq.br\/5592131370756851\">Doris Rejane Fernandes<\/a><br>Avaliadores:&nbsp;<a href=\"http:\/\/lattes.cnpq.br\/5004407197335303\">Marcos Antonio Witt<\/a>&nbsp;e&nbsp;<a href=\"http:\/\/lattes.cnpq.br\/0407489410040797\">Dalva Reinheimer<\/a> <\/td><td><\/td><\/tr><tr><td><strong>Entre moldes, tesouras e costuras: a moda feminina na Europa dos anos dourados<\/strong><br>Autor: Camila Jana\u00edna Martini Diehl<br>Orientador:&nbsp;<a href=\"http:\/\/lattes.cnpq.br\/0120499154280445\">Daniel Luciano Gevehr<\/a><br>Avaliadores:&nbsp;<a href=\"http:\/\/lattes.cnpq.br\/8160991187326250\">Marlise Meyrer<\/a>&nbsp;e&nbsp;<a href=\"http:\/\/lattes.cnpq.br\/9281021565713637\">Ana Paula Moutinho Ferraz<\/a> <\/td><td><\/td><\/tr><tr><td><strong>As mulheres e a propaganda: a representa\u00e7\u00e3o das mulheres nas propagandas na Rep\u00fablica Velha<\/strong><br>Autor: Camila Trentin Bittencourt<br>Orientador:&nbsp;<a href=\"http:\/\/lattes.cnpq.br\/0120499154280445\">Daniel Luciano Gevehr<\/a><br>Avaliadores:&nbsp;<a href=\"http:\/\/lattes.cnpq.br\/8160991187326250\">Marlise Meyrer<\/a>&nbsp;e&nbsp;<a href=\"http:\/\/lattes.cnpq.br\/9281021565713637\">Ana Paula Moutinho Ferraz<\/a> <\/td><td><\/td><\/tr><tr><td><strong>As quitandeiras sob o olhar de Debret (1816 &#8211; 1831): suas representa\u00e7\u00f5es em aquarela<\/strong><br>Autor: Cintia Aparecida Breyer<br>Orientador:&nbsp;<a href=\"http:\/\/lattes.cnpq.br\/8296134223783851\">Elaine Smaniotto<\/a><br>Avaliadores:&nbsp;<a href=\"http:\/\/lattes.cnpq.br\/2096887402617415\">Alex Juarez Muller<\/a> <\/td><td><\/td><\/tr><tr><td><strong>A imprensa e os conflitos pol\u00edticos no Rio Grande do Sul nos anos que antecederam a Revolu\u00e7\u00e3o Federalista (1889 &#8211; 1893)<\/strong><br>Autor: Daiane Gon\u00e7alves<br>Orientador:&nbsp;<a href=\"http:\/\/lattes.cnpq.br\/0407489410040797\">Dalva Reinheimer<\/a><br>Avaliadores:&nbsp;<a href=\"http:\/\/lattes.cnpq.br\/5592131370756851\">Doris Rejane Fernandes<\/a>&nbsp;e&nbsp;<a href=\"http:\/\/lattes.cnpq.br\/5004407197335303\">Marcos Antonio Witt<\/a> <\/td><td><\/td><\/tr><tr><td><strong>Col\u00e9gio Municipal The\u00f3philo Sauer: estudo de caso de uma brizoleta em Taquara<\/strong><br>Autor: Darlei Eduardo Franzen<br>Orientador:&nbsp;<a href=\"http:\/\/lattes.cnpq.br\/5592131370756851\">Doris Rejane Fernandes<\/a><br>Avaliadores:&nbsp;<a href=\"http:\/\/lattes.cnpq.br\/0407489410040797\">Dalva Reinheimer<\/a>&nbsp; <\/td><td><a href=\"https:\/\/historia.faccat.br\/wordpress\/wp-content\/uploads\/2019\/08\/2012_Darlei_Franzen.pdf\" target=\"_blank\" rel=\"noreferrer noopener\" aria-label=\"\ufffc (abre numa nova aba)\"><img loading=\"lazy\" decoding=\"async\" width=\"25\" height=\"25\" class=\"wp-image-231\" style=\"width: 25px;\" src=\"https:\/\/historia.faccat.br\/wp-content\/uploads\/2019\/08\/pdf-file-format-symbol.png\" alt=\"\" srcset=\"https:\/\/historia.faccat.br\/wordpress\/wp-content\/uploads\/2019\/08\/pdf-file-format-symbol.png 512w, https:\/\/historia.faccat.br\/wordpress\/wp-content\/uploads\/2019\/08\/pdf-file-format-symbol-150x150.png 150w, https:\/\/historia.faccat.br\/wordpress\/wp-content\/uploads\/2019\/08\/pdf-file-format-symbol-300x300.png 300w\" sizes=\"auto, (max-width: 25px) 100vw, 25px\" \/><\/a><\/td><\/tr><tr><td><strong>A Voz do Brasil e a constru\u00e7\u00e3o da informa\u00e7\u00e3o: do Estado Novo ao fim da Ditadura Militar (1937 &#8211; 1985)<\/strong><br>Autor: Eliana Auler<br>Orientador:&nbsp;<a href=\"http:\/\/lattes.cnpq.br\/8296134223783851\">Elaine Smaniotto<\/a><br>Avaliadores:&nbsp;<a href=\"http:\/\/lattes.cnpq.br\/5592131370756851\">Doris Rejane Fernandes<\/a> <\/td><td><a href=\"https:\/\/historia.faccat.br\/wordpress\/wp-content\/uploads\/2019\/08\/2012_Eliana_Auler.pdf\" target=\"_blank\" rel=\"noreferrer noopener\" aria-label=\"\ufffc (abre numa nova aba)\"><img loading=\"lazy\" decoding=\"async\" width=\"25\" height=\"25\" class=\"wp-image-231\" style=\"width: 25px;\" src=\"https:\/\/historia.faccat.br\/wp-content\/uploads\/2019\/08\/pdf-file-format-symbol.png\" alt=\"\" srcset=\"https:\/\/historia.faccat.br\/wordpress\/wp-content\/uploads\/2019\/08\/pdf-file-format-symbol.png 512w, https:\/\/historia.faccat.br\/wordpress\/wp-content\/uploads\/2019\/08\/pdf-file-format-symbol-150x150.png 150w, https:\/\/historia.faccat.br\/wordpress\/wp-content\/uploads\/2019\/08\/pdf-file-format-symbol-300x300.png 300w\" sizes=\"auto, (max-width: 25px) 100vw, 25px\" \/><\/a><\/td><\/tr><tr><td><strong>Da escravid\u00e3o ao trabalho livre: a constru\u00e7\u00e3o da liberdade negra nos espa\u00e7os urbanos do Rio Grande do Sul no final do s\u00e9culo XIX<\/strong><br>Autor:&nbsp;Giovana Cristine M\u00f6ller de Farias<br>Orientador:&nbsp;<a href=\"http:\/\/lattes.cnpq.br\/5592131370756851\">Doris Rejane Fernandes<\/a><br>Avaliadores:&nbsp;<a href=\"http:\/\/lattes.cnpq.br\/0407489410040797\">Dalva Reinheimer<\/a>&nbsp;e&nbsp;<a href=\"http:\/\/lattes.cnpq.br\/8296134223783851\">Elaine Smaniotto<\/a> <\/td><td><\/td><\/tr><tr><td><strong>Vias p\u00fablicas da cidade de Igrejinha: perman\u00eancias e rupturas<\/strong><br>Autor: Janete Maria Bergamo<br>Orientador:&nbsp;<a href=\"http:\/\/lattes.cnpq.br\/8296134223783851\">Elaine Smaniotto<\/a><br>Avaliadores:&nbsp;<a href=\"http:\/\/lattes.cnpq.br\/1142838618418632\">Priscila Dione Sartori<\/a>&nbsp;e&nbsp;<a href=\"http:\/\/lattes.cnpq.br\/0407489410040797\">Dalva Reinheimer<\/a> <\/td><td><a href=\"https:\/\/historia.faccat.br\/wordpress\/wp-content\/uploads\/2019\/08\/2012_Janete_Bergamo.pdf\" target=\"_blank\" rel=\"noreferrer noopener\" aria-label=\"\ufffc (abre numa nova aba)\"><img loading=\"lazy\" decoding=\"async\" width=\"25\" height=\"25\" class=\"wp-image-231\" style=\"width: 25px;\" src=\"https:\/\/historia.faccat.br\/wp-content\/uploads\/2019\/08\/pdf-file-format-symbol.png\" alt=\"\" srcset=\"https:\/\/historia.faccat.br\/wordpress\/wp-content\/uploads\/2019\/08\/pdf-file-format-symbol.png 512w, https:\/\/historia.faccat.br\/wordpress\/wp-content\/uploads\/2019\/08\/pdf-file-format-symbol-150x150.png 150w, https:\/\/historia.faccat.br\/wordpress\/wp-content\/uploads\/2019\/08\/pdf-file-format-symbol-300x300.png 300w\" sizes=\"auto, (max-width: 25px) 100vw, 25px\" \/><\/a><\/td><\/tr><tr><td><strong>O pensamento de Joseph Goebbels e a constru\u00e7\u00e3o do neonazismo: repercuss\u00f5es nacionais e internacionais<\/strong><br>Autor: Josiane Dreher Rangel<br>Orientador:&nbsp;<a href=\"http:\/\/lattes.cnpq.br\/5592131370756851\">Doris Rejane Fernandes<\/a><br>Avaliadores:&nbsp;<a href=\"http:\/\/lattes.cnpq.br\/0407489410040797\">Dalva Reinheimer&nbsp;<\/a> <\/td><td><\/td><\/tr><tr><td><strong>Pensando a Revolu\u00e7\u00e3o Farroupilha<\/strong><br>Autor: Luiz Carlos Kiekow<br>Orientador:&nbsp;<a href=\"http:\/\/lattes.cnpq.br\/5592131370756851\">Doris Rejane Fernandes<\/a><br>Avaliadores:&nbsp;<a href=\"http:\/\/lattes.cnpq.br\/0407489410040797\">Dalva Reinheimer<\/a>&nbsp;e&nbsp;<a href=\"http:\/\/lattes.cnpq.br\/5088540185214074\">Domingos Kimieciki<\/a> <\/td><td><\/td><\/tr><tr><td><strong>O uso das fotografias pelos Estados Unidos na constru\u00e7\u00e3o da verdade sobre a Segunda Guerra Mundial: a vit\u00f3ria na vis\u00e3o dos vencedores<\/strong><br>Autor:&nbsp;<a href=\"http:\/\/lattes.cnpq.br\/4043793276078530\">Matias Lorenzoni Grade<\/a><br>Orientador:&nbsp;<a href=\"http:\/\/lattes.cnpq.br\/0120499154280445\">Daniel Luciano Gevehr<\/a><br>Avaliadores:&nbsp;<a href=\"http:\/\/lattes.cnpq.br\/0407489410040797\">Dalva Reinheimer<\/a>&nbsp;e&nbsp;<a href=\"http:\/\/lattes.cnpq.br\/0815974008264471\">Roswithia Weber<\/a> <\/td><td><\/td><\/tr><tr><td><strong>Imigra\u00e7\u00e3o italiana na Serra Ga\u00facha: a religiosidade dos imigrantes<\/strong><br>Autor: Regina Helena Campos<br>Orientador:&nbsp;<a href=\"http:\/\/lattes.cnpq.br\/0407489410040797\">Dalva Reinheimer<\/a><br>Avaliadores:&nbsp;<a href=\"http:\/\/lattes.cnpq.br\/5592131370756851\">Doris Rejane Fernandes<\/a>&nbsp;e&nbsp;<a href=\"http:\/\/lattes.cnpq.br\/8296134223783851\">Elaine Smaniotto<\/a> <\/td><td><\/td><\/tr><tr><td><strong>Moderniza\u00e7\u00e3o e urbaniza\u00e7\u00e3o ao sul do imp\u00e9rio: a funda\u00e7\u00e3o do Banco da Prov\u00edncia do Rio Grande de S\u00e3o Pedro (1858)<\/strong><br>Autor:&nbsp;<a href=\"http:\/\/lattes.cnpq.br\/6138096695344622\">Uriel Dutra<\/a><br>Orientador:&nbsp;<a href=\"http:\/\/lattes.cnpq.br\/8296134223783851\">Elaine Smaniotto&nbsp;<\/a><br>Avaliadores:&nbsp;<a href=\"http:\/\/lattes.cnpq.br\/5165417275334692\">Eloisa Helena Capovilla da Luz Ramos<\/a>&nbsp;e&nbsp;<a href=\"http:\/\/lattes.cnpq.br\/5592131370756851\">Doris Rejane Fernandes<\/a> <\/td><td><\/td><\/tr><tr><td><strong>O uso pol\u00edtico do r\u00e1dio durante o Estado Novo<\/strong><br>Autor: Viviane Jandres<br>Orientador:&nbsp;<a href=\"http:\/\/lattes.cnpq.br\/8160991187326250\">Marlise Meyrer<\/a><br>Avaliadores:&nbsp;<a href=\"http:\/\/lattes.cnpq.br\/1260635590703078\">Luciane Wagner Raupp<\/a>&nbsp;e&nbsp;<a href=\"http:\/\/lattes.cnpq.br\/0120499154280445\">Daniel Luciano Gevehr<\/a> <\/td><td><\/td><\/tr><tr><td><strong>Da forja \u00e0 industrializa\u00e7\u00e3o Emil Paul Albert Badermann: O pioneiro da ind\u00fastria metal\u00fargica no munic\u00edpio de Taquara<\/strong><br>Autor: Wilson Roberto Martini<br>Orientador:&nbsp;<a href=\"http:\/\/lattes.cnpq.br\/0407489410040797\">Dalva Reinheimer<\/a><br>Avaliadores:&nbsp;<a href=\"http:\/\/lattes.cnpq.br\/0120499154280445\">Daniel Luciano Gevehr<\/a>&nbsp;e Marcelo Bischoff <\/td><td><\/td><\/tr><\/tbody><\/table>\n\n\n\n<div class=\"wp-block-button aligncenter is-style-squared\"><a class=\"wp-block-button__link has-background has-vivid-red-background-color\" href=\"https:\/\/historia.faccat.br\/wordpress\/index.php\/curso\/\">Voltar<\/a><\/div>\n","protected":false},"excerpt":{"rendered":"<p>Para acessar a monografia \u00e9 necess\u00e1rio clicar no \u00edcone . Observa\u00e7\u00e3o:* Todos os trabalhos est\u00e3o em formato .pdf.** Os trabalhos que n\u00e3o est\u00e3o acess\u00edveis \u00e9 porque tiraram nota inferior a 8,5 ou n\u00e3o foi enviado pelo autor. O Nome da Rosa: possibilidades de an\u00e1lise e interpreta\u00e7\u00e3oAutor: Adriana Damasceno MouraOrientador:&nbsp;Elaine SmaniottoAvaliadores: Carla Fernanda Thoen e&nbsp;Marlise Meyrer [&hellip;]<\/p>\n","protected":false},"author":1,"featured_media":0,"parent":0,"menu_order":0,"comment_status":"closed","ping_status":"closed","template":"","meta":{"footnotes":""},"class_list":["post-198","page","type-page","status-publish","hentry"],"_links":{"self":[{"href":"https:\/\/historia.faccat.br\/wordpress\/index.php\/wp-json\/wp\/v2\/pages\/198","targetHints":{"allow":["GET"]}}],"collection":[{"href":"https:\/\/historia.faccat.br\/wordpress\/index.php\/wp-json\/wp\/v2\/pages"}],"about":[{"href":"https:\/\/historia.faccat.br\/wordpress\/index.php\/wp-json\/wp\/v2\/types\/page"}],"author":[{"embeddable":true,"href":"https:\/\/historia.faccat.br\/wordpress\/index.php\/wp-json\/wp\/v2\/users\/1"}],"replies":[{"embeddable":true,"href":"https:\/\/historia.faccat.br\/wordpress\/index.php\/wp-json\/wp\/v2\/comments?post=198"}],"version-history":[{"count":8,"href":"https:\/\/historia.faccat.br\/wordpress\/index.php\/wp-json\/wp\/v2\/pages\/198\/revisions"}],"predecessor-version":[{"id":496,"href":"https:\/\/historia.faccat.br\/wordpress\/index.php\/wp-json\/wp\/v2\/pages\/198\/revisions\/496"}],"wp:attachment":[{"href":"https:\/\/historia.faccat.br\/wordpress\/index.php\/wp-json\/wp\/v2\/media?parent=198"}],"curies":[{"name":"wp","href":"https:\/\/api.w.org\/{rel}","templated":true}]}}