{"id":204,"date":"2019-07-31T19:44:04","date_gmt":"2019-07-31T22:44:04","guid":{"rendered":"https:\/\/historia.faccat.br\/?page_id=204"},"modified":"2019-10-19T11:11:12","modified_gmt":"2019-10-19T14:11:12","slug":"2015-2","status":"publish","type":"page","link":"https:\/\/historia.faccat.br\/wordpress\/index.php\/2015-2\/","title":{"rendered":"2015"},"content":{"rendered":"\n<p>  Para acessar a monografia \u00e9 necess\u00e1rio clicar no \u00edcone  <img loading=\"lazy\" decoding=\"async\" width=\"20\" height=\"20\" class=\"wp-image-231\" style=\"width: 20px;\" src=\"https:\/\/historia.faccat.br\/wp-content\/uploads\/2019\/08\/pdf-file-format-symbol.png\" alt=\"\" srcset=\"https:\/\/historia.faccat.br\/wordpress\/wp-content\/uploads\/2019\/08\/pdf-file-format-symbol.png 512w, https:\/\/historia.faccat.br\/wordpress\/wp-content\/uploads\/2019\/08\/pdf-file-format-symbol-150x150.png 150w, https:\/\/historia.faccat.br\/wordpress\/wp-content\/uploads\/2019\/08\/pdf-file-format-symbol-300x300.png 300w\" sizes=\"auto, (max-width: 20px) 100vw, 20px\" \/>.<\/p>\n\n\n\n<p class=\"has-small-font-size\">Observa\u00e7\u00e3o:<br>* Todos os trabalhos est\u00e3o em formato .pdf.<br>** Os trabalhos que n\u00e3o est\u00e3o acess\u00edveis \u00e9 porque tiraram nota inferior a 8,5 ou n\u00e3o foi enviado pelo autor.    <\/p>\n\n\n\n<table class=\"wp-block-table has-subtle-pale-pink-background-color has-background is-style-stripes\"><tbody><tr><td><strong>M\u00fasica popular brasileira como fonte hist\u00f3rica e recurso em sala de aula (1964 a 1978)<\/strong><br>Autor: Andreia Lindenmeier<br>Orientador:&nbsp;<a href=\"http:\/\/lattes.cnpq.br\/5592131370756851\">Doris Rejane Fernandes<\/a><br>Avaliadores: Marcos Aur\u00e9lio Azevedo e&nbsp;<a href=\"http:\/\/lattes.cnpq.br\/8296134223783851\">Elaine Smaniotto<\/a> <\/td><td><a href=\"https:\/\/historia.faccat.br\/wordpress\/wp-content\/uploads\/2019\/08\/2015_Andreia_Lindenmeier.pdf\" target=\"_blank\" rel=\"noreferrer noopener\" aria-label=\"\ufffc (abre numa nova aba)\"><img loading=\"lazy\" decoding=\"async\" width=\"25\" height=\"25\" class=\"wp-image-231\" style=\"width: 25px;\" src=\"https:\/\/historia.faccat.br\/wp-content\/uploads\/2019\/08\/pdf-file-format-symbol.png\" alt=\"\" srcset=\"https:\/\/historia.faccat.br\/wordpress\/wp-content\/uploads\/2019\/08\/pdf-file-format-symbol.png 512w, https:\/\/historia.faccat.br\/wordpress\/wp-content\/uploads\/2019\/08\/pdf-file-format-symbol-150x150.png 150w, https:\/\/historia.faccat.br\/wordpress\/wp-content\/uploads\/2019\/08\/pdf-file-format-symbol-300x300.png 300w\" sizes=\"auto, (max-width: 25px) 100vw, 25px\" \/><\/a><\/td><\/tr><tr><td><strong>Enfermeiras brasileiras na Segunda Guerra Mundial<br><\/strong>Autor: Bruno William da Fons\u00eaca<br>Orientador:&nbsp;<a href=\"http:\/\/lattes.cnpq.br\/0540329778492972\">Andrea Helena Petry Rahmeier<\/a><br>Avaliadores:&nbsp;<a href=\"http:\/\/lattes.cnpq.br\/9249897837568502\">Ianko Bett<\/a>&nbsp;e&nbsp;<a href=\"http:\/\/lattes.cnpq.br\/9161566640553151\">Sandra Donner<\/a> <\/td><td><\/td><\/tr><tr><td><strong> Legion\u00e1rios Brummer, imigrantes alem\u00e3es e descendentes na Guerra do Paraguai: contribui\u00e7\u00e3o militar, mem\u00f3ria e afirma\u00e7\u00e3o da cidadania brasileira<\/strong><br>Autor: Eduardo Henrique de Souza<br>Orientador:&nbsp;<a href=\"http:\/\/lattes.cnpq.br\/0120499154280445\">Daniel Luciano Gevehr<\/a><br>Avaliadores:&nbsp;<a href=\"http:\/\/lattes.cnpq.br\/5607712080225168\">Gabriela Dilly<\/a>&nbsp;e&nbsp;<a href=\"http:\/\/lattes.cnpq.br\/9161566640553151\">Sandra Donner<\/a> <\/td><td><a href=\"https:\/\/historia.faccat.br\/wordpress\/wp-content\/uploads\/2019\/08\/2015_Eduardo_Henrique_de_Souza.pdf\" target=\"_blank\" rel=\"noreferrer noopener\" aria-label=\"\ufffc (abre numa nova aba)\"><img loading=\"lazy\" decoding=\"async\" width=\"25\" height=\"25\" class=\"wp-image-231\" style=\"width: 25px;\" src=\"https:\/\/historia.faccat.br\/wp-content\/uploads\/2019\/08\/pdf-file-format-symbol.png\" alt=\"\" srcset=\"https:\/\/historia.faccat.br\/wordpress\/wp-content\/uploads\/2019\/08\/pdf-file-format-symbol.png 512w, https:\/\/historia.faccat.br\/wordpress\/wp-content\/uploads\/2019\/08\/pdf-file-format-symbol-150x150.png 150w, https:\/\/historia.faccat.br\/wordpress\/wp-content\/uploads\/2019\/08\/pdf-file-format-symbol-300x300.png 300w\" sizes=\"auto, (max-width: 25px) 100vw, 25px\" \/><\/a><\/td><\/tr><tr><td><strong>Rainha Elizabeth I da Inglaterra: representa\u00e7\u00f5es em obras cinematogr\u00e1ficas<\/strong><br>Autor:&nbsp;<a href=\"http:\/\/lattes.cnpq.br\/2303275677110941\">\u00c9len Waschburger<\/a><br>Orientador:&nbsp;<a href=\"http:\/\/lattes.cnpq.br\/8296134223783851\">Elaine Smaniotto<\/a><br>Avaliadores:&nbsp;<a href=\"http:\/\/lattes.cnpq.br\/0120499154280445\">Daniel Luciano Gevehr<\/a>&nbsp;e&nbsp;<a href=\"http:\/\/lattes.cnpq.br\/8160991187326250\">Marlise Meyrer<\/a> <\/td><td><a href=\"https:\/\/historia.faccat.br\/wordpress\/wp-content\/uploads\/2019\/08\/2015_Elen_Waschburger.pdf\" target=\"_blank\" rel=\"noreferrer noopener\" aria-label=\"\ufffc (abre numa nova aba)\"><img loading=\"lazy\" decoding=\"async\" width=\"25\" height=\"25\" class=\"wp-image-231\" style=\"width: 25px;\" src=\"https:\/\/historia.faccat.br\/wp-content\/uploads\/2019\/08\/pdf-file-format-symbol.png\" alt=\"\" srcset=\"https:\/\/historia.faccat.br\/wordpress\/wp-content\/uploads\/2019\/08\/pdf-file-format-symbol.png 512w, https:\/\/historia.faccat.br\/wordpress\/wp-content\/uploads\/2019\/08\/pdf-file-format-symbol-150x150.png 150w, https:\/\/historia.faccat.br\/wordpress\/wp-content\/uploads\/2019\/08\/pdf-file-format-symbol-300x300.png 300w\" sizes=\"auto, (max-width: 25px) 100vw, 25px\" \/><\/a><\/td><\/tr><tr><td><strong>A mulher sul-rio-grandense na Rep\u00fablica Velha (1889-1930): representa\u00e7\u00f5es da submiss\u00e3o<\/strong><br>Autor: Salete Rodrigues<br>Orientador:&nbsp;<a href=\"http:\/\/lattes.cnpq.br\/0120499154280445\">Daniel Luciano Gevehr<\/a><br>Avaliadores:&nbsp;<a href=\"http:\/\/lattes.cnpq.br\/2639931371900234\">Aline Nandi<\/a>&nbsp;e&nbsp;<a href=\"http:\/\/lattes.cnpq.br\/0540329778492972\">Andrea Helena Petry Rahmeier<\/a> <\/td><td><a href=\"https:\/\/historia.faccat.br\/wordpress\/wp-content\/uploads\/2019\/08\/2015_Salete_Rodrigues.pdf\" target=\"_blank\" rel=\"noreferrer noopener\" aria-label=\"\ufffc (abre numa nova aba)\"><img loading=\"lazy\" decoding=\"async\" width=\"25\" height=\"25\" class=\"wp-image-231\" style=\"width: 25px;\" src=\"https:\/\/historia.faccat.br\/wp-content\/uploads\/2019\/08\/pdf-file-format-symbol.png\" alt=\"\" srcset=\"https:\/\/historia.faccat.br\/wordpress\/wp-content\/uploads\/2019\/08\/pdf-file-format-symbol.png 512w, https:\/\/historia.faccat.br\/wordpress\/wp-content\/uploads\/2019\/08\/pdf-file-format-symbol-150x150.png 150w, https:\/\/historia.faccat.br\/wordpress\/wp-content\/uploads\/2019\/08\/pdf-file-format-symbol-300x300.png 300w\" sizes=\"auto, (max-width: 25px) 100vw, 25px\" \/><\/a><\/td><\/tr><tr><td><strong>Estudo da paisagem em \u00e1reas de ocupa\u00e7\u00e3o alem\u00e3 nos munic\u00edpios de Gramado e Nova Petr\u00f3polis<\/strong><br>Autor: Silvio Silmar Peters<br>Orientador:&nbsp;<a href=\"http:\/\/lattes.cnpq.br\/5592131370756851\">Doris Rejane Fernandes<\/a><br>Avaliadores:&nbsp;<a href=\"http:\/\/lattes.cnpq.br\/5004407197335303\">Marcos Antonio Witt<\/a>&nbsp;e&nbsp;<a href=\"http:\/\/lattes.cnpq.br\/2096887402617415\">Alex Juarez M\u00fcller<\/a> <\/td><td><a href=\"https:\/\/historia.faccat.br\/wordpress\/wp-content\/uploads\/2019\/08\/2015_Silvio_Peters.pdf\" target=\"_blank\" rel=\"noreferrer noopener\" aria-label=\"\ufffc (abre numa nova aba)\"><img loading=\"lazy\" decoding=\"async\" width=\"25\" height=\"25\" class=\"wp-image-231\" style=\"width: 25px;\" src=\"https:\/\/historia.faccat.br\/wp-content\/uploads\/2019\/08\/pdf-file-format-symbol.png\" alt=\"\" srcset=\"https:\/\/historia.faccat.br\/wordpress\/wp-content\/uploads\/2019\/08\/pdf-file-format-symbol.png 512w, https:\/\/historia.faccat.br\/wordpress\/wp-content\/uploads\/2019\/08\/pdf-file-format-symbol-150x150.png 150w, https:\/\/historia.faccat.br\/wordpress\/wp-content\/uploads\/2019\/08\/pdf-file-format-symbol-300x300.png 300w\" sizes=\"auto, (max-width: 25px) 100vw, 25px\" \/><\/a><\/td><\/tr><\/tbody><\/table>\n\n\n\n<div class=\"wp-block-button aligncenter is-style-squared\"><a class=\"wp-block-button__link has-background has-vivid-red-background-color\" href=\"https:\/\/historia.faccat.br\/wordpress\/index.php\/curso\/\">Voltar<\/a><\/div>\n","protected":false},"excerpt":{"rendered":"<p>Para acessar a monografia \u00e9 necess\u00e1rio clicar no \u00edcone . Observa\u00e7\u00e3o:* Todos os trabalhos est\u00e3o em formato .pdf.** Os trabalhos que n\u00e3o est\u00e3o acess\u00edveis \u00e9 porque tiraram nota inferior a 8,5 ou n\u00e3o foi enviado pelo autor. M\u00fasica popular brasileira como fonte hist\u00f3rica e recurso em sala de aula (1964 a 1978)Autor: Andreia LindenmeierOrientador:&nbsp;Doris Rejane [&hellip;]<\/p>\n","protected":false},"author":1,"featured_media":0,"parent":0,"menu_order":0,"comment_status":"closed","ping_status":"closed","template":"","meta":{"footnotes":""},"class_list":["post-204","page","type-page","status-publish","hentry"],"_links":{"self":[{"href":"https:\/\/historia.faccat.br\/wordpress\/index.php\/wp-json\/wp\/v2\/pages\/204","targetHints":{"allow":["GET"]}}],"collection":[{"href":"https:\/\/historia.faccat.br\/wordpress\/index.php\/wp-json\/wp\/v2\/pages"}],"about":[{"href":"https:\/\/historia.faccat.br\/wordpress\/index.php\/wp-json\/wp\/v2\/types\/page"}],"author":[{"embeddable":true,"href":"https:\/\/historia.faccat.br\/wordpress\/index.php\/wp-json\/wp\/v2\/users\/1"}],"replies":[{"embeddable":true,"href":"https:\/\/historia.faccat.br\/wordpress\/index.php\/wp-json\/wp\/v2\/comments?post=204"}],"version-history":[{"count":6,"href":"https:\/\/historia.faccat.br\/wordpress\/index.php\/wp-json\/wp\/v2\/pages\/204\/revisions"}],"predecessor-version":[{"id":501,"href":"https:\/\/historia.faccat.br\/wordpress\/index.php\/wp-json\/wp\/v2\/pages\/204\/revisions\/501"}],"wp:attachment":[{"href":"https:\/\/historia.faccat.br\/wordpress\/index.php\/wp-json\/wp\/v2\/media?parent=204"}],"curies":[{"name":"wp","href":"https:\/\/api.w.org\/{rel}","templated":true}]}}