{"id":206,"date":"2019-07-31T19:44:17","date_gmt":"2019-07-31T22:44:17","guid":{"rendered":"https:\/\/historia.faccat.br\/?page_id=206"},"modified":"2019-10-19T11:13:49","modified_gmt":"2019-10-19T14:13:49","slug":"2016-2","status":"publish","type":"page","link":"https:\/\/historia.faccat.br\/wordpress\/index.php\/2016-2\/","title":{"rendered":"2016"},"content":{"rendered":"\n<p> Para acessar a monografia \u00e9 necess\u00e1rio clicar no \u00edcone <img loading=\"lazy\" decoding=\"async\" width=\"20\" height=\"20\" class=\"wp-image-231\" style=\"width: 20px;\" src=\"https:\/\/historia.faccat.br\/wp-content\/uploads\/2019\/08\/pdf-file-format-symbol.png\" alt=\"\" srcset=\"https:\/\/historia.faccat.br\/wordpress\/wp-content\/uploads\/2019\/08\/pdf-file-format-symbol.png 512w, https:\/\/historia.faccat.br\/wordpress\/wp-content\/uploads\/2019\/08\/pdf-file-format-symbol-150x150.png 150w, https:\/\/historia.faccat.br\/wordpress\/wp-content\/uploads\/2019\/08\/pdf-file-format-symbol-300x300.png 300w\" sizes=\"auto, (max-width: 20px) 100vw, 20px\" \/> .<\/p>\n\n\n\n<p class=\"has-small-font-size\">Observa\u00e7\u00e3o:<br>* Todos os trabalhos est\u00e3o em formato .pdf.<br>** Os trabalhos que n\u00e3o est\u00e3o acess\u00edveis \u00e9 porque tiraram nota inferior a 8,5 ou n\u00e3o foi enviado pelo autor. <\/p>\n\n\n\n<table class=\"wp-block-table has-subtle-pale-pink-background-color has-background is-style-stripes\"><tbody><tr><td><strong>O feminino sobre o olhar de Jean Baptiste Debret (1816 \u20131831): suas representa\u00e7\u00f5es em aquarelas<\/strong><br>Autor: Juliana Machado Nunes<br>Orientador: <a rel=\"noreferrer noopener\" aria-label=\" (abre numa nova aba)\" href=\"http:\/\/lattes.cnpq.br\/0120499154280445\" target=\"_blank\">Daniel Luciano Gevehr<\/a><br>Avaliadores: <a rel=\"noreferrer noopener\" aria-label=\" (abre numa nova aba)\" href=\"http:\/\/lattes.cnpq.br\/0540329778492972\" target=\"_blank\">Andrea Helena Petry Rahmeier<\/a> e <a rel=\"noreferrer noopener\" aria-label=\" (abre numa nova aba)\" href=\"http:\/\/lattes.cnpq.br\/8296134223783851\" target=\"_blank\">Elaine Smaniotto<\/a><\/td><td><\/td><\/tr><tr><td><strong>Soledade (1935-1938): revisitando os Monges Barbudos<\/strong><br>Autor: Robson Fiuza dos Santos<br>Orientador: <a rel=\"noreferrer noopener\" aria-label=\" (abre numa nova aba)\" href=\"http:\/\/lattes.cnpq.br\/0120499154280445\" target=\"_blank\">Daniel Luciano Gevehr<\/a><br>Avaliadores: <a rel=\"noreferrer noopener\" aria-label=\" (abre numa nova aba)\" href=\"http:\/\/lattes.cnpq.br\/0540329778492972\" target=\"_blank\">Andrea Helena Petry Rahmeier<\/a> e <a rel=\"noreferrer noopener\" aria-label=\" (abre numa nova aba)\" href=\"http:\/\/lattes.cnpq.br\/5592131370756851\" target=\"_blank\">Doris Rejane Fernandes<\/a><\/td><td><a href=\"https:\/\/historia.faccat.br\/wordpress\/wp-content\/uploads\/2019\/08\/2016_Robson_Fiuza_dos_Santos.pdf\" target=\"_blank\" rel=\"noreferrer noopener\" aria-label=\"\ufffc (abre numa nova aba)\"><img loading=\"lazy\" decoding=\"async\" width=\"25\" height=\"25\" class=\"wp-image-231\" style=\"width: 25px;\" src=\"https:\/\/historia.faccat.br\/wp-content\/uploads\/2019\/08\/pdf-file-format-symbol.png\" alt=\"\" srcset=\"https:\/\/historia.faccat.br\/wordpress\/wp-content\/uploads\/2019\/08\/pdf-file-format-symbol.png 512w, https:\/\/historia.faccat.br\/wordpress\/wp-content\/uploads\/2019\/08\/pdf-file-format-symbol-150x150.png 150w, https:\/\/historia.faccat.br\/wordpress\/wp-content\/uploads\/2019\/08\/pdf-file-format-symbol-300x300.png 300w\" sizes=\"auto, (max-width: 25px) 100vw, 25px\" \/><\/a><\/td><\/tr><tr><td><strong>Os negros no Movimento Farroupilha<\/strong><br>Autor: Sonia Mara Gomes dos Santos<br>Orientador: <a rel=\"noreferrer noopener\" aria-label=\" (abre numa nova aba)\" href=\"http:\/\/lattes.cnpq.br\/5592131370756851\" target=\"_blank\">Doris Rejane Fernandes<\/a><br>Avaliadores: <a rel=\"noreferrer noopener\" aria-label=\" (abre numa nova aba)\" href=\"http:\/\/lattes.cnpq.br\/0407489410040797\" target=\"_blank\">Dalva Neraci Reinheimer<\/a> e <a rel=\"noreferrer noopener\" aria-label=\" (abre numa nova aba)\" href=\"http:\/\/lattes.cnpq.br\/8296134223783851\" target=\"_blank\">Elaine Smaniotto<\/a><\/td><td><\/td><\/tr><tr><td><strong>O diabo no imagin\u00e1rio medieval: a constru\u00e7\u00e3o da imagem do diabo como ferramenta did\u00e1tica e moral<\/strong><br>Autor: <a href=\"http:\/\/lattes.cnpq.br\/0458563083072461\">Valmor Rabelo<\/a><br>Orientador: <a rel=\"noreferrer noopener\" aria-label=\" (abre numa nova aba)\" href=\"http:\/\/lattes.cnpq.br\/8296134223783851\" target=\"_blank\">Elaine Smaniotto<\/a><br>Avaliadores: <a rel=\"noreferrer noopener\" aria-label=\" (abre numa nova aba)\" href=\"http:\/\/lattes.cnpq.br\/0120499154280445\" target=\"_blank\">Daniel Luciano Gevehr<\/a> e <a rel=\"noreferrer noopener\" aria-label=\" (abre numa nova aba)\" href=\"http:\/\/lattes.cnpq.br\/5592131370756851\" target=\"_blank\">Doris Rejane Fernandes<\/a><\/td><td><a href=\"https:\/\/historia.faccat.br\/wordpress\/wp-content\/uploads\/2019\/08\/2016_Valmor-Rabelo.pdf\" target=\"_blank\" rel=\"noreferrer noopener\" aria-label=\"\ufffc (abre numa nova aba)\"><img loading=\"lazy\" decoding=\"async\" width=\"25\" height=\"25\" class=\"wp-image-231\" style=\"width: 25px;\" src=\"https:\/\/historia.faccat.br\/wp-content\/uploads\/2019\/08\/pdf-file-format-symbol.png\" alt=\"\" srcset=\"https:\/\/historia.faccat.br\/wordpress\/wp-content\/uploads\/2019\/08\/pdf-file-format-symbol.png 512w, https:\/\/historia.faccat.br\/wordpress\/wp-content\/uploads\/2019\/08\/pdf-file-format-symbol-150x150.png 150w, https:\/\/historia.faccat.br\/wordpress\/wp-content\/uploads\/2019\/08\/pdf-file-format-symbol-300x300.png 300w\" sizes=\"auto, (max-width: 25px) 100vw, 25px\" \/><\/a><\/td><\/tr><\/tbody><\/table>\n\n\n\n<div class=\"wp-block-button aligncenter is-style-squared\"><a class=\"wp-block-button__link has-background has-vivid-red-background-color\" href=\"https:\/\/historia.faccat.br\/wordpress\/index.php\/curso\/\">Voltar<\/a><\/div>\n\n\n\n<p><\/p>\n\n\n\n<div style=\"height:100px\" aria-hidden=\"true\" class=\"wp-block-spacer\"><\/div>\n","protected":false},"excerpt":{"rendered":"<p>Para acessar a monografia \u00e9 necess\u00e1rio clicar no \u00edcone . Observa\u00e7\u00e3o:* Todos os trabalhos est\u00e3o em formato .pdf.** Os trabalhos que n\u00e3o est\u00e3o acess\u00edveis \u00e9 porque tiraram nota inferior a 8,5 ou n\u00e3o foi enviado pelo autor. O feminino sobre o olhar de Jean Baptiste Debret (1816 \u20131831): suas representa\u00e7\u00f5es em aquarelasAutor: Juliana Machado NunesOrientador: [&hellip;]<\/p>\n","protected":false},"author":1,"featured_media":0,"parent":0,"menu_order":0,"comment_status":"closed","ping_status":"closed","template":"","meta":{"footnotes":""},"class_list":["post-206","page","type-page","status-publish","hentry"],"_links":{"self":[{"href":"https:\/\/historia.faccat.br\/wordpress\/index.php\/wp-json\/wp\/v2\/pages\/206","targetHints":{"allow":["GET"]}}],"collection":[{"href":"https:\/\/historia.faccat.br\/wordpress\/index.php\/wp-json\/wp\/v2\/pages"}],"about":[{"href":"https:\/\/historia.faccat.br\/wordpress\/index.php\/wp-json\/wp\/v2\/types\/page"}],"author":[{"embeddable":true,"href":"https:\/\/historia.faccat.br\/wordpress\/index.php\/wp-json\/wp\/v2\/users\/1"}],"replies":[{"embeddable":true,"href":"https:\/\/historia.faccat.br\/wordpress\/index.php\/wp-json\/wp\/v2\/comments?post=206"}],"version-history":[{"count":9,"href":"https:\/\/historia.faccat.br\/wordpress\/index.php\/wp-json\/wp\/v2\/pages\/206\/revisions"}],"predecessor-version":[{"id":503,"href":"https:\/\/historia.faccat.br\/wordpress\/index.php\/wp-json\/wp\/v2\/pages\/206\/revisions\/503"}],"wp:attachment":[{"href":"https:\/\/historia.faccat.br\/wordpress\/index.php\/wp-json\/wp\/v2\/media?parent=206"}],"curies":[{"name":"wp","href":"https:\/\/api.w.org\/{rel}","templated":true}]}}