{"id":208,"date":"2019-07-31T19:44:27","date_gmt":"2019-07-31T22:44:27","guid":{"rendered":"https:\/\/historia.faccat.br\/?page_id=208"},"modified":"2020-06-16T14:26:43","modified_gmt":"2020-06-16T17:26:43","slug":"2017-2","status":"publish","type":"page","link":"https:\/\/historia.faccat.br\/wordpress\/index.php\/2017-2\/","title":{"rendered":"2017"},"content":{"rendered":"\n<p> Para acessar a monografia \u00e9 necess\u00e1rio clicar no \u00edcone <img loading=\"lazy\" decoding=\"async\" width=\"20\" height=\"20\" class=\"wp-image-231\" style=\"width: 20px;\" src=\"https:\/\/historia.faccat.br\/wp-content\/uploads\/2019\/08\/pdf-file-format-symbol.png\" alt=\"\" srcset=\"https:\/\/historia.faccat.br\/wordpress\/wp-content\/uploads\/2019\/08\/pdf-file-format-symbol.png 512w, https:\/\/historia.faccat.br\/wordpress\/wp-content\/uploads\/2019\/08\/pdf-file-format-symbol-150x150.png 150w, https:\/\/historia.faccat.br\/wordpress\/wp-content\/uploads\/2019\/08\/pdf-file-format-symbol-300x300.png 300w\" sizes=\"auto, (max-width: 20px) 100vw, 20px\" \/> .<\/p>\n\n\n\n<p class=\"has-small-font-size\">Observa\u00e7\u00e3o:<br>* Todos os trabalhos est\u00e3o em formato .pdf.<br>** Os trabalhos que n\u00e3o est\u00e3o acess\u00edveis \u00e9 porque tiraram nota inferior a 8,5 ou n\u00e3o foi enviado pelo autor. <\/p>\n\n\n\n<figure class=\"wp-block-table is-style-stripes\"><table class=\"has-subtle-pale-pink-background-color has-background\"><tbody><tr><td><strong>A hist\u00f3ria econ\u00f4mica do distrito de Padilha da primeira metade do s\u00e9culo XX<\/strong><br>Autor: Ademir Luis Abdu<br>Orientador: <a rel=\"noreferrer noopener\" aria-label=\"Doris Rejane Fernandes (abre numa nova aba)\" href=\"http:\/\/lattes.cnpq.br\/5592131370756851\" target=\"_blank\">Doris Rejane Fernandes<\/a><br>Avaliadores: Alex Saratt e <a href=\"http:\/\/lattes.cnpq.br\/8296134223783851\">Elaine Smaniotto<\/a><\/td><td><\/td><\/tr><tr><td><strong>A mulher imigrante italiana no sul do Brasil: cren\u00e7a, f\u00e9 e pr\u00e1ticas de benzeduras<\/strong><br>Autor: Amanda Scalcon Bittencourt<br>Orientador: <a href=\"http:\/\/lattes.cnpq.br\/0120499154280445\">Daniel Luciano Gevehr<\/a><br>Avaliadores: <a href=\"http:\/\/lattes.cnpq.br\/5592131370756851\">Doris Rejane Fernandes<\/a> e Rodrigo Luis dos Santos<\/td><td><\/td><\/tr><tr><td><strong>O estilo de vida romano: as termas no processo de romaniza\u00e7\u00e3o<\/strong><br>Autor: Ariani Merena Sironi<br>Orientador: <a href=\"http:\/\/lattes.cnpq.br\/8296134223783851\">Elaine Smaniotto<\/a><br>Avaliadores: <a href=\"http:\/\/lattes.cnpq.br\/0540329778492972\">Andrea Helena Petry Rahmeier<\/a> e <a href=\"http:\/\/lattes.cnpq.br\/5592131370756851\">Doris Rejane Fernandes<\/a><\/td><td><a href=\"https:\/\/historia.faccat.br\/wordpress\/wp-content\/uploads\/2019\/08\/2017_Ariani_Sironi.pdf\" target=\"_blank\" rel=\"noreferrer noopener\" aria-label=\"\ufffc (abre numa nova aba)\"><img loading=\"lazy\" decoding=\"async\" width=\"25\" height=\"25\" class=\"wp-image-231\" style=\"width: 25px;\" src=\"https:\/\/historia.faccat.br\/wp-content\/uploads\/2019\/08\/pdf-file-format-symbol.png\" alt=\"\" srcset=\"https:\/\/historia.faccat.br\/wordpress\/wp-content\/uploads\/2019\/08\/pdf-file-format-symbol.png 512w, https:\/\/historia.faccat.br\/wordpress\/wp-content\/uploads\/2019\/08\/pdf-file-format-symbol-150x150.png 150w, https:\/\/historia.faccat.br\/wordpress\/wp-content\/uploads\/2019\/08\/pdf-file-format-symbol-300x300.png 300w\" sizes=\"auto, (max-width: 25px) 100vw, 25px\" \/><\/a><\/td><\/tr><tr><td><strong>Prostitui\u00e7\u00e3o e simbolismo ligado ao corpo feminino, no Brasil (1889 &#8211; 1930)<\/strong><br>Autor: Di\u00e9ssica dos Santos Stefanello<br>Orientador: <a href=\"http:\/\/lattes.cnpq.br\/8296134223783851\">Elaine Smaniotto<\/a><br>Avaliadores: <a href=\"http:\/\/lattes.cnpq.br\/0120499154280445\">Daniel Luciano Gevehr<\/a> e <a href=\"http:\/\/lattes.cnpq.br\/5592131370756851\">Doris Rejane Fernandes<\/a><\/td><td><a href=\"https:\/\/historia.faccat.br\/wordpress\/wp-content\/uploads\/2019\/08\/2017_Diessica_dos_Santos_Stefanello.pdf\" target=\"_blank\" rel=\"noreferrer noopener\" aria-label=\"\ufffc (abre numa nova aba)\"><img loading=\"lazy\" decoding=\"async\" width=\"25\" height=\"25\" class=\"wp-image-231\" style=\"width: 25px;\" src=\"https:\/\/historia.faccat.br\/wp-content\/uploads\/2019\/08\/pdf-file-format-symbol.png\" alt=\"\" srcset=\"https:\/\/historia.faccat.br\/wordpress\/wp-content\/uploads\/2019\/08\/pdf-file-format-symbol.png 512w, https:\/\/historia.faccat.br\/wordpress\/wp-content\/uploads\/2019\/08\/pdf-file-format-symbol-150x150.png 150w, https:\/\/historia.faccat.br\/wordpress\/wp-content\/uploads\/2019\/08\/pdf-file-format-symbol-300x300.png 300w\" sizes=\"auto, (max-width: 25px) 100vw, 25px\" \/><\/a><\/td><\/tr><tr><td><strong>Tiros de Guerra no Rio Grande do Sul (1930-1945)<\/strong><br>Autor: Dilvar da Silva Camargo<br>Orientador: <a href=\"http:\/\/lattes.cnpq.br\/0540329778492972\">Andrea Helena Petry Rahmeier<\/a><br>Avaliadores: <a href=\"http:\/\/lattes.cnpq.br\/0120499154280445\">Daniel Luciano Gevehr<\/a> e Ianko Bett<\/td><td><strong><a href=\"https:\/\/historia.faccat.br\/wordpress\/wp-content\/uploads\/2019\/08\/2017_Dilvar_Camargo.pdf\" target=\"_blank\" rel=\"noreferrer noopener\" aria-label=\"\ufffc (abre numa nova aba)\"><img loading=\"lazy\" decoding=\"async\" width=\"25\" height=\"25\" class=\"wp-image-231\" style=\"width: 25px;\" src=\"https:\/\/historia.faccat.br\/wp-content\/uploads\/2019\/08\/pdf-file-format-symbol.png\" alt=\"\" srcset=\"https:\/\/historia.faccat.br\/wordpress\/wp-content\/uploads\/2019\/08\/pdf-file-format-symbol.png 512w, https:\/\/historia.faccat.br\/wordpress\/wp-content\/uploads\/2019\/08\/pdf-file-format-symbol-150x150.png 150w, https:\/\/historia.faccat.br\/wordpress\/wp-content\/uploads\/2019\/08\/pdf-file-format-symbol-300x300.png 300w\" sizes=\"auto, (max-width: 25px) 100vw, 25px\" \/><\/a><\/strong><\/td><\/tr><tr><td><strong>O her\u00f3i farroupilha Bento Gon\u00e7alves e os questionamentos \u00e0 mitifica\u00e7\u00e3o tradicionalista<\/strong><br>Autor: Elizabeth Maria Frizon<br>Orientador: <a href=\"http:\/\/lattes.cnpq.br\/0407489410040797\">Dalva Neraci Reinheimer<\/a><br>Avaliadores: <a href=\"http:\/\/lattes.cnpq.br\/5592131370756851\">Doris Rejane Fernandes<\/a> e  Priscila Dione Machado Sartori <\/td><td><\/td><\/tr><tr><td><strong>Rio dos Sinos &#8211; Campo Bom e sua rela\u00e7\u00e3o com o rio, hist\u00f3ria, legisla\u00e7\u00e3o e pol\u00edticas p\u00fablicas<\/strong><br>Autor:  Erisson Fernando da Silva de Castro<br>Orientador: <a href=\"http:\/\/lattes.cnpq.br\/0120499154280445\">Daniel Luciano Gevehr<\/a><br>Avaliadores: <a href=\"http:\/\/lattes.cnpq.br\/5592131370756851\">Doris Rejane Fernandes<\/a> e Rodrigo Luis dos Santos<\/td><td><\/td><\/tr><tr><td><strong>A representa\u00e7\u00e3o da sexualidade feminina na iconografia televisiva brasileira<\/strong><br>Autor: Igor Tieres Glaeser<br>Orientador: Sandra Cristina Donner<br>Avaliadores: <a href=\"http:\/\/lattes.cnpq.br\/0120499154280445\">Daniel Luciano Gevehr<\/a> e Daniela Schimidt<\/td><td><\/td><\/tr><tr><td><strong>O Brasil e a Segunda Guerra Mundial: Pracinha sul-rio-grandense, seus lugares de mem\u00f3ria e sua representa\u00e7\u00e3o<\/strong><br>Autor: Jessica Elen Silveira Pires<br>Orientador: <a href=\"http:\/\/lattes.cnpq.br\/0540329778492972\">Andrea Helena Petry Rahmeier<\/a><br>Avaliadores: Ianko Bett e Sandra Cristina Donner<\/td><td><img loading=\"lazy\" decoding=\"async\" width=\"25\" height=\"25\" class=\"wp-image-231\" style=\"width: 25px;\" src=\"https:\/\/historia.faccat.br\/wordpress\/wp-content\/uploads\/2019\/08\/pdf-file-format-symbol.png\" alt=\"\" srcset=\"https:\/\/historia.faccat.br\/wordpress\/wp-content\/uploads\/2019\/08\/pdf-file-format-symbol.png 512w, https:\/\/historia.faccat.br\/wordpress\/wp-content\/uploads\/2019\/08\/pdf-file-format-symbol-150x150.png 150w, https:\/\/historia.faccat.br\/wordpress\/wp-content\/uploads\/2019\/08\/pdf-file-format-symbol-300x300.png 300w\" sizes=\"auto, (max-width: 25px) 100vw, 25px\" \/><\/td><\/tr><tr><td><strong>As sociedades de canto de Igrejinha<\/strong><br>Autor:  Lana Marti\u00e9li Schr\u00f6er<br>Orientador: <a href=\"http:\/\/lattes.cnpq.br\/5592131370756851\">Doris Rejane Fernandes<\/a><br>Avaliadores: <a href=\"http:\/\/lattes.cnpq.br\/0120499154280445\">Daniel Luciano Gevehr<\/a> e <a href=\"http:\/\/lattes.cnpq.br\/8296134223783851\">Elaine Smaniotto<\/a><\/td><td><\/td><\/tr><tr><td><strong>Get\u00falio Vargas: &#8220;saio da vida para entrar na Hist\u00f3ria&#8221;<\/strong><br>Autor: Luana Cristina Reuter<br>Orientador: <a href=\"http:\/\/lattes.cnpq.br\/0120499154280445\">Daniel Luciano Gevehr<\/a><br>Avaliadores: <a href=\"http:\/\/lattes.cnpq.br\/0540329778492972\">Andrea Helena Petry Rahmeier<\/a> e Rodrigo Luis dos Santos<\/td><td><a href=\"https:\/\/historia.faccat.br\/wordpress\/wp-content\/uploads\/2019\/08\/2017_Luana_Reuter.pdf\" target=\"_blank\" rel=\"noreferrer noopener\" aria-label=\"\ufffc (abre numa nova aba)\"><img loading=\"lazy\" decoding=\"async\" width=\"25\" height=\"25\" class=\"wp-image-231\" style=\"width: 25px;\" src=\"https:\/\/historia.faccat.br\/wp-content\/uploads\/2019\/08\/pdf-file-format-symbol.png\" alt=\"\" srcset=\"https:\/\/historia.faccat.br\/wordpress\/wp-content\/uploads\/2019\/08\/pdf-file-format-symbol.png 512w, https:\/\/historia.faccat.br\/wordpress\/wp-content\/uploads\/2019\/08\/pdf-file-format-symbol-150x150.png 150w, https:\/\/historia.faccat.br\/wordpress\/wp-content\/uploads\/2019\/08\/pdf-file-format-symbol-300x300.png 300w\" sizes=\"auto, (max-width: 25px) 100vw, 25px\" \/><\/a><\/td><\/tr><tr><td><strong>A ferrovia entre Taquara e Canela: aspectos econ\u00f4micos e sociais no in\u00edcio do s\u00e9culo XX<\/strong><br>Autor: Mara Vargas Antunes<br>Orientador: <a href=\"http:\/\/lattes.cnpq.br\/5592131370756851\">Doris Rejane Fernandes<\/a><br>Avaliadores: <a href=\"http:\/\/lattes.cnpq.br\/0120499154280445\">Daniel Luciano Gevehr<\/a> e <a href=\"http:\/\/lattes.cnpq.br\/0407489410040797\">Dalva Neraci Reinheimer<\/a><\/td><td><\/td><\/tr><tr><td><strong>Representa\u00e7\u00f5es da Revolta da Chibata no jornal Correio da Manh\u00e3 (22 \u00e0 27\/11\/1910)<\/strong><br>Autor: Michele Cristina Candido de Souza<br>Orientador: <a href=\"http:\/\/lattes.cnpq.br\/8296134223783851\">Elaine Smaniotto<\/a><br>Avaliadores: Augusto Rodrigues Parada e <a href=\"http:\/\/lattes.cnpq.br\/0120499154280445\">Daniel Luciano Gevehr<\/a><\/td><td><\/td><\/tr><tr><td><strong>Das telas para a hist\u00f3ria: Leni Riefenstahl e o cinema alem\u00e3o no per\u00edodo entre guerras <\/strong><br>Autor: Milene Pereira Monteiro<br>Orientador: <a href=\"http:\/\/lattes.cnpq.br\/0540329778492972\">Andrea Helena Petry Rahmeier<\/a><br>Avaliadores: <a href=\"http:\/\/lattes.cnpq.br\/8296134223783851\">Elaine Smaniotto<\/a> e <a href=\"http:\/\/lattes.cnpq.br\/9670937037390742\">Rosane Marcia Neumann<\/a><\/td><td><\/td><\/tr><tr><td><strong>Afasta de mim esse c\u00e1lice: a censura e sua repercuss\u00e3o na produ\u00e7\u00e3o musical na ditadura<\/strong><br>Autor:  Tiago Fernando Kohlrausch<br>Orientador: Sandra Cristina Donner<br>Avaliadores: <a href=\"http:\/\/lattes.cnpq.br\/0540329778492972\">Andrea Helena Petry Rahmeier<\/a> e  Ramiro Lopes Bicca Junior <\/td><td><a href=\"https:\/\/historia.faccat.br\/wordpress\/wp-content\/uploads\/2019\/08\/2017_Tiago_Fernando_Kohlrausch.pdf\" target=\"_blank\" rel=\"noreferrer noopener\" aria-label=\"\ufffc (abre numa nova aba)\"><img loading=\"lazy\" decoding=\"async\" width=\"25\" height=\"25\" class=\"wp-image-231\" style=\"width: 25px;\" src=\"https:\/\/historia.faccat.br\/wp-content\/uploads\/2019\/08\/pdf-file-format-symbol.png\" alt=\"\" srcset=\"https:\/\/historia.faccat.br\/wordpress\/wp-content\/uploads\/2019\/08\/pdf-file-format-symbol.png 512w, https:\/\/historia.faccat.br\/wordpress\/wp-content\/uploads\/2019\/08\/pdf-file-format-symbol-150x150.png 150w, https:\/\/historia.faccat.br\/wordpress\/wp-content\/uploads\/2019\/08\/pdf-file-format-symbol-300x300.png 300w\" sizes=\"auto, (max-width: 25px) 100vw, 25px\" \/><\/a><\/td><\/tr><tr><td><strong>Avante brasileiros de p\u00e9, unidos pela liberdade, marchemos todos juntos: a Brigada Militar e o Movimento da Legalidade<\/strong><br>Autor: Vit\u00f3ria Nicolini Nunes<br>Orientador: <a href=\"http:\/\/lattes.cnpq.br\/0540329778492972\">Andrea Helena Petry Rahmeier<\/a><br>Avaliadores: Ianko Bett e Sandra Cristina Donner<\/td><td><a href=\"https:\/\/historia.faccat.br\/wordpress\/wp-content\/uploads\/2019\/08\/2017_Vit\u00f3ria_Nicolini_Nunes.pdf\" target=\"_blank\" rel=\"noreferrer noopener\" aria-label=\"\ufffc (abre numa nova aba)\"><img loading=\"lazy\" decoding=\"async\" width=\"25\" height=\"25\" class=\"wp-image-231\" style=\"width: 25px;\" src=\"https:\/\/historia.faccat.br\/wp-content\/uploads\/2019\/08\/pdf-file-format-symbol.png\" alt=\"\" srcset=\"https:\/\/historia.faccat.br\/wordpress\/wp-content\/uploads\/2019\/08\/pdf-file-format-symbol.png 512w, https:\/\/historia.faccat.br\/wordpress\/wp-content\/uploads\/2019\/08\/pdf-file-format-symbol-150x150.png 150w, https:\/\/historia.faccat.br\/wordpress\/wp-content\/uploads\/2019\/08\/pdf-file-format-symbol-300x300.png 300w\" sizes=\"auto, (max-width: 25px) 100vw, 25px\" \/><\/a><\/td><\/tr><\/tbody><\/table><\/figure>\n\n\n\n<div class=\"wp-block-button aligncenter\"><a class=\"wp-block-button__link has-background has-vivid-red-background-color no-border-radius\" href=\"https:\/\/historia.faccat.br\/wordpress\/index.php\/curso\/\">Voltar<\/a><\/div>\n","protected":false},"excerpt":{"rendered":"<p>Para acessar a monografia \u00e9 necess\u00e1rio clicar no \u00edcone . Observa\u00e7\u00e3o:* Todos os trabalhos est\u00e3o em formato .pdf.** Os trabalhos que n\u00e3o est\u00e3o acess\u00edveis \u00e9 porque tiraram nota inferior a 8,5 ou n\u00e3o foi enviado pelo autor. A hist\u00f3ria econ\u00f4mica do distrito de Padilha da primeira metade do s\u00e9culo XXAutor: Ademir Luis AbduOrientador: Doris Rejane [&hellip;]<\/p>\n","protected":false},"author":1,"featured_media":0,"parent":0,"menu_order":0,"comment_status":"closed","ping_status":"closed","template":"","meta":{"footnotes":""},"class_list":["post-208","page","type-page","status-publish","hentry"],"_links":{"self":[{"href":"https:\/\/historia.faccat.br\/wordpress\/index.php\/wp-json\/wp\/v2\/pages\/208","targetHints":{"allow":["GET"]}}],"collection":[{"href":"https:\/\/historia.faccat.br\/wordpress\/index.php\/wp-json\/wp\/v2\/pages"}],"about":[{"href":"https:\/\/historia.faccat.br\/wordpress\/index.php\/wp-json\/wp\/v2\/types\/page"}],"author":[{"embeddable":true,"href":"https:\/\/historia.faccat.br\/wordpress\/index.php\/wp-json\/wp\/v2\/users\/1"}],"replies":[{"embeddable":true,"href":"https:\/\/historia.faccat.br\/wordpress\/index.php\/wp-json\/wp\/v2\/comments?post=208"}],"version-history":[{"count":10,"href":"https:\/\/historia.faccat.br\/wordpress\/index.php\/wp-json\/wp\/v2\/pages\/208\/revisions"}],"predecessor-version":[{"id":550,"href":"https:\/\/historia.faccat.br\/wordpress\/index.php\/wp-json\/wp\/v2\/pages\/208\/revisions\/550"}],"wp:attachment":[{"href":"https:\/\/historia.faccat.br\/wordpress\/index.php\/wp-json\/wp\/v2\/media?parent=208"}],"curies":[{"name":"wp","href":"https:\/\/api.w.org\/{rel}","templated":true}]}}