{"id":210,"date":"2019-07-31T19:44:42","date_gmt":"2019-07-31T22:44:42","guid":{"rendered":"https:\/\/historia.faccat.br\/?page_id=210"},"modified":"2020-06-16T14:25:26","modified_gmt":"2020-06-16T17:25:26","slug":"2018-2","status":"publish","type":"page","link":"https:\/\/historia.faccat.br\/wordpress\/index.php\/2018-2\/","title":{"rendered":"2018"},"content":{"rendered":"\n<p>Para acessar a monografia \u00e9 necess\u00e1rio clicar no \u00edcone <img loading=\"lazy\" decoding=\"async\" width=\"25\" height=\"25\" class=\"wp-image-231\" style=\"width: 25px;\" src=\"https:\/\/historia.faccat.br\/wp-content\/uploads\/2019\/08\/pdf-file-format-symbol.png\" alt=\"\" srcset=\"https:\/\/historia.faccat.br\/wordpress\/wp-content\/uploads\/2019\/08\/pdf-file-format-symbol.png 512w, https:\/\/historia.faccat.br\/wordpress\/wp-content\/uploads\/2019\/08\/pdf-file-format-symbol-150x150.png 150w, https:\/\/historia.faccat.br\/wordpress\/wp-content\/uploads\/2019\/08\/pdf-file-format-symbol-300x300.png 300w\" sizes=\"auto, (max-width: 25px) 100vw, 25px\" \/>.<\/p>\n\n\n\n<p class=\"has-small-font-size\">Observa\u00e7\u00e3o:<br>* Todos os trabalhos est\u00e3o em formato .pdf.<br>** Os trabalhos que n\u00e3o est\u00e3o acess\u00edveis \u00e9 porque tiraram nota inferior a 8,5 ou n\u00e3o foi enviado pelo autor.<\/p>\n\n\n\n<figure class=\"wp-block-table is-style-stripes\"><table class=\"has-subtle-pale-pink-background-color has-background\"><tbody><tr><td><strong>Isabel de Bragan\u00e7a: princesa, esposa, m\u00e3e e regente<\/strong><br>Autor: Cleusa Evanise dos Santos<br>Orientador: Elaine Smaniotto<br>Avaliadores: \u00c9len Waschburger e Sandra Cristina Donner<\/td><td><\/td><\/tr><tr><td><strong>Parob\u00e9: urbaniza\u00e7\u00e3o por meio da ind\u00fastria coureiro-cal\u00e7adista<\/strong><br>Autor: Dalvan Bonfada Laval<br>Orientador: Daniel Luciano Gevehr<br>Avaliadores: Doris Rejane Fernandes e Rodrigo Luis dos Santos<\/td><td><\/td><\/tr><tr><td><strong>As pr\u00e1ticas de leitura na Fran\u00e7a do Antigo Regime: a literatura subversiva e a queda da monarquia<\/strong><br>Autor: Desir\u00e9 Ferreira da Rosa Silva<br>Orientador: Sandra Cristina Donner<br>Avaliadores: Elaine Smaniotto e Isabel Cristina Arendt<\/td><td><a href=\"https:\/\/historia.faccat.br\/wordpress\/wp-content\/uploads\/2019\/08\/2018_Desis\u00e9_Ferreira.pdf\" target=\"_blank\" rel=\"noreferrer noopener\" aria-label=\"\ufffc (abre numa nova aba)\"><img loading=\"lazy\" decoding=\"async\" width=\"25\" height=\"25\" class=\"wp-image-231\" style=\"width: 25px;\" src=\"https:\/\/historia.faccat.br\/wp-content\/uploads\/2019\/08\/pdf-file-format-symbol.png\" alt=\"\" srcset=\"https:\/\/historia.faccat.br\/wordpress\/wp-content\/uploads\/2019\/08\/pdf-file-format-symbol.png 512w, https:\/\/historia.faccat.br\/wordpress\/wp-content\/uploads\/2019\/08\/pdf-file-format-symbol-150x150.png 150w, https:\/\/historia.faccat.br\/wordpress\/wp-content\/uploads\/2019\/08\/pdf-file-format-symbol-300x300.png 300w\" sizes=\"auto, (max-width: 25px) 100vw, 25px\" \/><\/a><\/td><\/tr><tr><td><strong>\u201cAtr\u00e1s das m\u00e1quinas tem gente!&#8221;: uma an\u00e1lise hist\u00f3rica dos trabalhadores da ind\u00fastria cal\u00e7adista de Igrejinha (1960 \u2013 1980)<\/strong><br>Autor: Gabriel Osmar Wilbert de Bortoli<br>Orientador: Dalva Neraci Reinheimer<br>Avaliadores: Daniel Luciano Gevehr e Doris Rejane Fernandes<\/td><td><a href=\"https:\/\/historia.faccat.br\/wordpress\/wp-content\/uploads\/2019\/08\/2018_Gabriel_Osmar_Wilbert_de_Bortoli.pdf\" target=\"_blank\" rel=\"noreferrer noopener\" aria-label=\"\ufffc (abre numa nova aba)\"><img loading=\"lazy\" decoding=\"async\" width=\"25\" height=\"25\" class=\"wp-image-231\" style=\"width: 25px;\" src=\"https:\/\/historia.faccat.br\/wp-content\/uploads\/2019\/08\/pdf-file-format-symbol.png\" alt=\"\" srcset=\"https:\/\/historia.faccat.br\/wordpress\/wp-content\/uploads\/2019\/08\/pdf-file-format-symbol.png 512w, https:\/\/historia.faccat.br\/wordpress\/wp-content\/uploads\/2019\/08\/pdf-file-format-symbol-150x150.png 150w, https:\/\/historia.faccat.br\/wordpress\/wp-content\/uploads\/2019\/08\/pdf-file-format-symbol-300x300.png 300w\" sizes=\"auto, (max-width: 25px) 100vw, 25px\" \/><\/a><\/td><\/tr><tr><td><strong>A Segunda Guerra Mundial refletida nas revistas da Mulher-Maravilha<\/strong><br>Autor: Gislaine da Silva Silveira<br>Orientador: Andrea Helena Petry Rahmeier<br>Avaliadores: Bruno Ortiz Monllor e Sandra Cristina Donner<\/td><td><a href=\"https:\/\/historia.faccat.br\/wordpress\/wp-content\/uploads\/2019\/08\/2018_Gislaine_da_Silva_Silveir.pdf\"><img loading=\"lazy\" decoding=\"async\" width=\"25\" height=\"25\" class=\"wp-image-231\" style=\"width: 25px;\" src=\"https:\/\/historia.faccat.br\/wp-content\/uploads\/2019\/08\/pdf-file-format-symbol.png\" alt=\"\" srcset=\"https:\/\/historia.faccat.br\/wordpress\/wp-content\/uploads\/2019\/08\/pdf-file-format-symbol.png 512w, https:\/\/historia.faccat.br\/wordpress\/wp-content\/uploads\/2019\/08\/pdf-file-format-symbol-150x150.png 150w, https:\/\/historia.faccat.br\/wordpress\/wp-content\/uploads\/2019\/08\/pdf-file-format-symbol-300x300.png 300w\" sizes=\"auto, (max-width: 25px) 100vw, 25px\" \/><\/a><\/td><\/tr><tr><td><strong>Hollywood vai \u00e0 guerra: o cinema como arma de propaganda<\/strong><br>Autor: Jess\u00e9 Teixeira da Silva<br>Orientador: Sandra Cristina Donner<br>Avaliadores: Andrea Helena Petry Rahmeier e \u00c9len Waschburger<\/td><td><a href=\"https:\/\/historia.faccat.br\/wordpress\/wp-content\/uploads\/2019\/08\/2018_Jesse_Teixeira_da_Silva.pdf\" target=\"_blank\" rel=\"noreferrer noopener\" aria-label=\"\ufffc (abre numa nova aba)\"><img loading=\"lazy\" decoding=\"async\" width=\"25\" height=\"25\" class=\"wp-image-231\" style=\"width: 25px;\" src=\"https:\/\/historia.faccat.br\/wp-content\/uploads\/2019\/08\/pdf-file-format-symbol.png\" alt=\"\" srcset=\"https:\/\/historia.faccat.br\/wordpress\/wp-content\/uploads\/2019\/08\/pdf-file-format-symbol.png 512w, https:\/\/historia.faccat.br\/wordpress\/wp-content\/uploads\/2019\/08\/pdf-file-format-symbol-150x150.png 150w, https:\/\/historia.faccat.br\/wordpress\/wp-content\/uploads\/2019\/08\/pdf-file-format-symbol-300x300.png 300w\" sizes=\"auto, (max-width: 25px) 100vw, 25px\" \/><\/a><\/td><\/tr><tr><td><strong>A propaganda de Get\u00falio Vargas: semelhan\u00e7as e diferen\u00e7as com o regime nazista<\/strong><br>Autor: Luana Wingert<br>Orientador: Andrea Helena Petry Rahmeier<br>Avaliadores: Daniel Luciano Gevehr e Rodrigo Luis dos Santos<\/td><td><a href=\"https:\/\/historia.faccat.br\/wordpress\/wp-content\/uploads\/2019\/08\/2018_Luana_Wingert.pdf\" target=\"_blank\" rel=\"noreferrer noopener\" aria-label=\"\ufffc (abre numa nova aba)\"><img loading=\"lazy\" decoding=\"async\" width=\"25\" height=\"25\" class=\"wp-image-231\" style=\"width: 25px;\" src=\"https:\/\/historia.faccat.br\/wp-content\/uploads\/2019\/08\/pdf-file-format-symbol.png\" alt=\"\" srcset=\"https:\/\/historia.faccat.br\/wordpress\/wp-content\/uploads\/2019\/08\/pdf-file-format-symbol.png 512w, https:\/\/historia.faccat.br\/wordpress\/wp-content\/uploads\/2019\/08\/pdf-file-format-symbol-150x150.png 150w, https:\/\/historia.faccat.br\/wordpress\/wp-content\/uploads\/2019\/08\/pdf-file-format-symbol-300x300.png 300w\" sizes=\"auto, (max-width: 25px) 100vw, 25px\" \/><\/a><\/td><\/tr><tr><td><strong>Tra\u00e7os da cultura incaica: percep\u00e7\u00f5es hist\u00f3ricas na contemporaneidade (Bol\u00edvia e Peru)<\/strong><br>Autor: Marcelo Juliano Pires de Mello<br>Orientador: Dalva Neraci Reinheimer<br>Avaliadores: Camila Jana\u00edna Martini Diehl e Doris Rejane Fernandes<\/td><td><img loading=\"lazy\" decoding=\"async\" width=\"25\" height=\"25\" class=\"wp-image-231\" style=\"width: 25px;\" src=\"https:\/\/historia.faccat.br\/wordpress\/wp-content\/uploads\/2019\/08\/pdf-file-format-symbol.png\" alt=\"\" srcset=\"https:\/\/historia.faccat.br\/wordpress\/wp-content\/uploads\/2019\/08\/pdf-file-format-symbol.png 512w, https:\/\/historia.faccat.br\/wordpress\/wp-content\/uploads\/2019\/08\/pdf-file-format-symbol-150x150.png 150w, https:\/\/historia.faccat.br\/wordpress\/wp-content\/uploads\/2019\/08\/pdf-file-format-symbol-300x300.png 300w\" sizes=\"auto, (max-width: 25px) 100vw, 25px\" \/><\/td><\/tr><tr><td><strong>Os festivais de teatro do munic\u00edpio de Rolante (1994 \u2013 2015)<\/strong><br>Autor: Mois\u00e9s Abr\u00e3ao Stein<br>Orientador: Doris Rejane Fernandes<br>Avaliadores: \u00c9len Waschburger e Mois\u00e9s Bruno Oliveira<\/td><td><\/td><\/tr><\/tbody><\/table><\/figure>\n\n\n\n<div class=\"wp-block-button aligncenter\"><a class=\"wp-block-button__link has-background has-vivid-red-background-color no-border-radius\" href=\"https:\/\/historia.faccat.br\/wordpress\/index.php\/curso\/\">Voltar<\/a><\/div>\n","protected":false},"excerpt":{"rendered":"<p>Para acessar a monografia \u00e9 necess\u00e1rio clicar no \u00edcone . Observa\u00e7\u00e3o:* Todos os trabalhos est\u00e3o em formato .pdf.** Os trabalhos que n\u00e3o est\u00e3o acess\u00edveis \u00e9 porque tiraram nota inferior a 8,5 ou n\u00e3o foi enviado pelo autor. Isabel de Bragan\u00e7a: princesa, esposa, m\u00e3e e regenteAutor: Cleusa Evanise dos SantosOrientador: Elaine SmaniottoAvaliadores: \u00c9len Waschburger e Sandra [&hellip;]<\/p>\n","protected":false},"author":1,"featured_media":0,"parent":0,"menu_order":0,"comment_status":"closed","ping_status":"closed","template":"","meta":{"footnotes":""},"class_list":["post-210","page","type-page","status-publish","hentry"],"_links":{"self":[{"href":"https:\/\/historia.faccat.br\/wordpress\/index.php\/wp-json\/wp\/v2\/pages\/210","targetHints":{"allow":["GET"]}}],"collection":[{"href":"https:\/\/historia.faccat.br\/wordpress\/index.php\/wp-json\/wp\/v2\/pages"}],"about":[{"href":"https:\/\/historia.faccat.br\/wordpress\/index.php\/wp-json\/wp\/v2\/types\/page"}],"author":[{"embeddable":true,"href":"https:\/\/historia.faccat.br\/wordpress\/index.php\/wp-json\/wp\/v2\/users\/1"}],"replies":[{"embeddable":true,"href":"https:\/\/historia.faccat.br\/wordpress\/index.php\/wp-json\/wp\/v2\/comments?post=210"}],"version-history":[{"count":10,"href":"https:\/\/historia.faccat.br\/wordpress\/index.php\/wp-json\/wp\/v2\/pages\/210\/revisions"}],"predecessor-version":[{"id":549,"href":"https:\/\/historia.faccat.br\/wordpress\/index.php\/wp-json\/wp\/v2\/pages\/210\/revisions\/549"}],"wp:attachment":[{"href":"https:\/\/historia.faccat.br\/wordpress\/index.php\/wp-json\/wp\/v2\/media?parent=210"}],"curies":[{"name":"wp","href":"https:\/\/api.w.org\/{rel}","templated":true}]}}