{"id":43,"date":"2019-07-29T21:19:49","date_gmt":"2019-07-30T00:19:49","guid":{"rendered":"https:\/\/historia.faccat.br\/?page_id=43"},"modified":"2020-05-28T15:21:04","modified_gmt":"2020-05-28T18:21:04","slug":"curso","status":"publish","type":"page","link":"https:\/\/historia.faccat.br\/wordpress\/index.php\/curso\/","title":{"rendered":"Trabalhos de Conclus\u00e3o"},"content":{"rendered":"\n<p>No ano de 2007, iniciaram na FACCAT as primeiras Bancas de Qualifica\u00e7\u00e3o  dos Trabalhos de Conclus\u00e3o do Curso de Hist\u00f3ria. Pensando nisso, optamos  por inserir na p\u00e1gina do Curso de Hist\u00f3ria, os trabalhos que adquiriram  notas iguais ou superiores a 8,5.<br><br> Os trabalhos foram organizados pelo ano em que foram apresentados.<br> Para visualizar \u00e9 necess\u00e1rio escolher o ano e ap\u00f3s clicar no \u00edcone ao lado do t\u00edtulo do trabalho que deseja visualizar. <\/p>\n\n\n\n<div class=\"wp-block-columns has-4-columns is-layout-flex wp-container-core-columns-is-layout-9d6595d7 wp-block-columns-is-layout-flex\">\n<div class=\"wp-block-column is-layout-flow wp-block-column-is-layout-flow\">\n<p><\/p>\n<\/div>\n\n\n\n<div class=\"wp-block-column is-layout-flow wp-block-column-is-layout-flow\"><\/div>\n\n\n\n<div class=\"wp-block-column is-layout-flow wp-block-column-is-layout-flow\"><\/div>\n\n\n\n<div class=\"wp-block-column is-layout-flow wp-block-column-is-layout-flow\"><\/div>\n<\/div>\n\n\n\n<div class=\"wp-block-columns is-layout-flex wp-container-core-columns-is-layout-9d6595d7 wp-block-columns-is-layout-flex\">\n<div class=\"wp-block-column is-layout-flow wp-block-column-is-layout-flow\">\n<div class=\"wp-block-buttons is-layout-flex wp-block-buttons-is-layout-flex\">\n<div class=\"wp-block-button is-style-fill\"><a class=\"wp-block-button__link has-text-color has-very-light-gray-color has-background has-very-dark-gray-background-color\" href=\"https:\/\/historia.faccat.br\/wordpress\/index.php\/2007-2\/\">2007<\/a><\/div>\n<\/div>\n\n\n\n<div class=\"wp-block-buttons is-layout-flex wp-block-buttons-is-layout-flex\">\n<div class=\"wp-block-button\"><a class=\"wp-block-button__link\" href=\"https:\/\/historia.faccat.br\/wordpress\/index.php\/2010-2\/\">2010<\/a><\/div>\n<\/div>\n\n\n\n<div class=\"wp-block-buttons is-layout-flex wp-block-buttons-is-layout-flex\">\n<div class=\"wp-block-button\"><a class=\"wp-block-button__link\" href=\"https:\/\/historia.faccat.br\/wordpress\/index.php\/2013-2\/\">2013<\/a><\/div>\n<\/div>\n\n\n\n<div class=\"wp-block-buttons is-layout-flex wp-block-buttons-is-layout-flex\">\n<div class=\"wp-block-button\"><a class=\"wp-block-button__link\" href=\"https:\/\/historia.faccat.br\/wordpress\/index.php\/2016-2\/\">2016<\/a><\/div>\n<\/div>\n\n\n\n<div class=\"wp-block-buttons is-layout-flex wp-block-buttons-is-layout-flex\">\n<div class=\"wp-block-button\"><a class=\"wp-block-button__link\">2019<\/a><\/div>\n<\/div>\n<\/div>\n\n\n\n<div class=\"wp-block-column is-layout-flow wp-block-column-is-layout-flow\">\n<div class=\"wp-block-buttons is-layout-flex wp-block-buttons-is-layout-flex\">\n<div class=\"wp-block-button\"><a class=\"wp-block-button__link\" href=\"https:\/\/historia.faccat.br\/wordpress\/index.php\/2008-2\/\">2008<\/a><\/div>\n<\/div>\n\n\n\n<div class=\"wp-block-buttons is-layout-flex wp-block-buttons-is-layout-flex\">\n<div class=\"wp-block-button\"><a class=\"wp-block-button__link\" href=\"https:\/\/historia.faccat.br\/wordpress\/index.php\/2011-2\/\">2011<\/a><\/div>\n<\/div>\n\n\n\n<div class=\"wp-block-buttons is-layout-flex wp-block-buttons-is-layout-flex\">\n<div class=\"wp-block-button\"><a class=\"wp-block-button__link\" href=\"https:\/\/historia.faccat.br\/wordpress\/index.php\/2014-2\/\">2014<\/a><\/div>\n<\/div>\n\n\n\n<div class=\"wp-block-buttons is-layout-flex wp-block-buttons-is-layout-flex\">\n<div class=\"wp-block-button\"><a class=\"wp-block-button__link\" href=\"https:\/\/historia.faccat.br\/wordpress\/index.php\/2017-2\/\">2017<\/a><\/div>\n<\/div>\n<\/div>\n\n\n\n<div class=\"wp-block-column is-layout-flow wp-block-column-is-layout-flow\">\n<div class=\"wp-block-buttons is-layout-flex wp-block-buttons-is-layout-flex\">\n<div class=\"wp-block-button\"><a class=\"wp-block-button__link\" href=\"https:\/\/historia.faccat.br\/wordpress\/index.php\/2009-2\/\">2009<\/a><\/div>\n<\/div>\n\n\n\n<div class=\"wp-block-buttons is-layout-flex wp-block-buttons-is-layout-flex\">\n<div class=\"wp-block-button\"><a class=\"wp-block-button__link\" href=\"https:\/\/historia.faccat.br\/wordpress\/index.php\/2012-2\/\">2012<\/a><\/div>\n<\/div>\n\n\n\n<div class=\"wp-block-buttons is-layout-flex wp-block-buttons-is-layout-flex\">\n<div class=\"wp-block-button\"><a class=\"wp-block-button__link\" href=\"https:\/\/historia.faccat.br\/wordpress\/index.php\/2015-2\/\">2015<\/a><\/div>\n<\/div>\n\n\n\n<div class=\"wp-block-buttons is-layout-flex wp-block-buttons-is-layout-flex\">\n<div class=\"wp-block-button\"><a class=\"wp-block-button__link\" href=\"https:\/\/historia.faccat.br\/wordpress\/index.php\/2018-2\/\">2018<\/a><\/div>\n<\/div>\n<\/div>\n<\/div>\n\n\n\n<p><\/p>\n","protected":false},"excerpt":{"rendered":"<p>No ano de 2007, iniciaram na FACCAT as primeiras Bancas de Qualifica\u00e7\u00e3o dos Trabalhos de Conclus\u00e3o do Curso de Hist\u00f3ria. Pensando nisso, optamos por inserir na p\u00e1gina do Curso de Hist\u00f3ria, os trabalhos que adquiriram notas iguais ou superiores a 8,5. Os trabalhos foram organizados pelo ano em que foram apresentados. Para visualizar \u00e9 necess\u00e1rio [&hellip;]<\/p>\n","protected":false},"author":1,"featured_media":89,"parent":0,"menu_order":0,"comment_status":"closed","ping_status":"closed","template":"","meta":{"footnotes":""},"class_list":["post-43","page","type-page","status-publish","has-post-thumbnail","hentry"],"_links":{"self":[{"href":"https:\/\/historia.faccat.br\/wordpress\/index.php\/wp-json\/wp\/v2\/pages\/43","targetHints":{"allow":["GET"]}}],"collection":[{"href":"https:\/\/historia.faccat.br\/wordpress\/index.php\/wp-json\/wp\/v2\/pages"}],"about":[{"href":"https:\/\/historia.faccat.br\/wordpress\/index.php\/wp-json\/wp\/v2\/types\/page"}],"author":[{"embeddable":true,"href":"https:\/\/historia.faccat.br\/wordpress\/index.php\/wp-json\/wp\/v2\/users\/1"}],"replies":[{"embeddable":true,"href":"https:\/\/historia.faccat.br\/wordpress\/index.php\/wp-json\/wp\/v2\/comments?post=43"}],"version-history":[{"count":11,"href":"https:\/\/historia.faccat.br\/wordpress\/index.php\/wp-json\/wp\/v2\/pages\/43\/revisions"}],"predecessor-version":[{"id":536,"href":"https:\/\/historia.faccat.br\/wordpress\/index.php\/wp-json\/wp\/v2\/pages\/43\/revisions\/536"}],"wp:featuredmedia":[{"embeddable":true,"href":"https:\/\/historia.faccat.br\/wordpress\/index.php\/wp-json\/wp\/v2\/media\/89"}],"wp:attachment":[{"href":"https:\/\/historia.faccat.br\/wordpress\/index.php\/wp-json\/wp\/v2\/media?parent=43"}],"curies":[{"name":"wp","href":"https:\/\/api.w.org\/{rel}","templated":true}]}}