{"id":83,"date":"2019-07-30T17:03:14","date_gmt":"2019-07-30T20:03:14","guid":{"rendered":"https:\/\/historia.faccat.br\/?page_id=83"},"modified":"2019-10-01T18:50:26","modified_gmt":"2019-10-01T21:50:26","slug":"a-conquista-do-paranhana","status":"publish","type":"page","link":"https:\/\/historia.faccat.br\/wordpress\/index.php\/a-conquista-do-paranhana\/","title":{"rendered":"A conquista do Paranhana"},"content":{"rendered":"\n<div class=\"wp-block-image\"><figure class=\"aligncenter is-resized\"><img loading=\"lazy\" decoding=\"async\" src=\"https:\/\/historia.faccat.br\/wordpress\/wp-content\/uploads\/2019\/09\/image.png\" alt=\"\" class=\"wp-image-393\" width=\"495\" height=\"413\" srcset=\"https:\/\/historia.faccat.br\/wordpress\/wp-content\/uploads\/2019\/09\/image.png 399w, https:\/\/historia.faccat.br\/wordpress\/wp-content\/uploads\/2019\/09\/image-300x250.png 300w\" sizes=\"auto, (max-width: 495px) 100vw, 495px\" \/><\/figure><\/div>\n\n\n\n<p>O projeto est\u00e1 se desenvolvendo desde maio de 2017, envolvendo os cursos de Hist\u00f3ria, Jogos Digitais, Tecnologias da Informa\u00e7\u00e3o, Publicidade e Propaganda e Design. O jogo denominado A Conquista do Paranhana \u00e9 composto de miss\u00f5es que reconstroem o cotidiano do Vale do Paranhana no s\u00e9culo XIX. <\/p>\n\n\n\n<p>A Conquista do Paranhana \u00e9 um\njogo no formato RPG (Role-Playing Game) embasado na hist\u00f3ria do s\u00e9culo XIX da\nregi\u00e3o do Vale do Paranhana (composto pelos munic\u00edpios de Taquara, Parob\u00e9,\nIgrejinha, Tr\u00eas Coroas, Rolante e Riozinho) no Rio Grande do Sul. <\/p>\n\n\n\n<h2 class=\"wp-block-heading\"><a>DADOS DE IDENTIFICA\u00c7\u00c3O:<\/a><\/h2>\n\n\n\n<p>Coordena\u00e7\u00e3o de Curso: Prof\u00aa Dr\u00aa Andrea Helena Petry Rahmaier\n(Hist\u00f3ria), Prof\u00aa Mestre Flavia Pereira de Carvalho (Jogos Digitais e\nTecnologias de Informa\u00e7\u00e3o), Prof. Dr.\nAugusto Parada (Publicidade e Propaganda, Design).<\/p>\n\n\n\n<p>Coordena\u00e7\u00e3o do projeto: Prof\u00aa. Dr\u00aa. Doris Rejane Fernandes, Prof. Guilherme Schirmer da Costa, Prof. Fernando Lunardelli.<\/p>\n\n\n\n<p>Bolsista FACCAT de Hist\u00f3ria: Lidiane Lima Schoenardie<\/p>\n\n\n\n<p>\u00c1reas envolvidas: Cursos de Hist\u00f3ria, Jogos Digitais,\nTecnologias da Informa\u00e7\u00e3o, Publicidade e Propaganda e Design da FACCAT e\nescolas das redes p\u00fablica e particular do Vale do Paranhana.<\/p>\n\n\n\n<p>Objeto\/tema: jogo digital com base na hist\u00f3ria da regi\u00e3o do\nVale do Paranhana para utiliza\u00e7\u00e3o na rede escolar, nas s\u00e9ries do ensino\nfundamental.<\/p>\n\n\n\n<p>P\u00fablico alvo: Alunos das redes de ensino da educa\u00e7\u00e3o b\u00e1sica, discentes dos cursos de Hist\u00f3ria, Jogos Digitais, Tecnologias da Informa\u00e7\u00e3o, Publicidade e Propaganda e Design. <\/p>\n\n\n\n<div class=\"wp-block-image\"><figure class=\"aligncenter\"><img loading=\"lazy\" decoding=\"async\" width=\"451\" height=\"306\" src=\"https:\/\/historia.faccat.br\/wordpress\/wp-content\/uploads\/2019\/09\/image-1.png\" alt=\"\" class=\"wp-image-394\" srcset=\"https:\/\/historia.faccat.br\/wordpress\/wp-content\/uploads\/2019\/09\/image-1.png 451w, https:\/\/historia.faccat.br\/wordpress\/wp-content\/uploads\/2019\/09\/image-1-300x204.png 300w\" sizes=\"auto, (max-width: 451px) 100vw, 451px\" \/><figcaption>Equipe que integra o projeto &#8220;Conquista do Paranhana<br><\/figcaption><\/figure><\/div>\n\n\n\n<p>Mais informa\u00e7\u00f5es:<\/p>\n\n\n\n<p>historia@faccat.br &#8211; Coordena\u00e7\u00e3o de Hist\u00f3ria<\/p>\n\n\n\n<p>doris@faccat.br &#8211; Professora coordenadora do projeto<\/p>\n\n\n\n<p><\/p>\n","protected":false},"excerpt":{"rendered":"<p>O projeto est\u00e1 se desenvolvendo desde maio de 2017, envolvendo os cursos de Hist\u00f3ria, Jogos Digitais, Tecnologias da Informa\u00e7\u00e3o, Publicidade e Propaganda e Design. O jogo denominado A Conquista do Paranhana \u00e9 composto de miss\u00f5es que reconstroem o cotidiano do Vale do Paranhana no s\u00e9culo XIX. A Conquista do Paranhana \u00e9 um jogo no formato [&hellip;]<\/p>\n","protected":false},"author":1,"featured_media":0,"parent":0,"menu_order":0,"comment_status":"closed","ping_status":"closed","template":"","meta":{"footnotes":""},"class_list":["post-83","page","type-page","status-publish","hentry"],"_links":{"self":[{"href":"https:\/\/historia.faccat.br\/wordpress\/index.php\/wp-json\/wp\/v2\/pages\/83","targetHints":{"allow":["GET"]}}],"collection":[{"href":"https:\/\/historia.faccat.br\/wordpress\/index.php\/wp-json\/wp\/v2\/pages"}],"about":[{"href":"https:\/\/historia.faccat.br\/wordpress\/index.php\/wp-json\/wp\/v2\/types\/page"}],"author":[{"embeddable":true,"href":"https:\/\/historia.faccat.br\/wordpress\/index.php\/wp-json\/wp\/v2\/users\/1"}],"replies":[{"embeddable":true,"href":"https:\/\/historia.faccat.br\/wordpress\/index.php\/wp-json\/wp\/v2\/comments?post=83"}],"version-history":[{"count":4,"href":"https:\/\/historia.faccat.br\/wordpress\/index.php\/wp-json\/wp\/v2\/pages\/83\/revisions"}],"predecessor-version":[{"id":417,"href":"https:\/\/historia.faccat.br\/wordpress\/index.php\/wp-json\/wp\/v2\/pages\/83\/revisions\/417"}],"wp:attachment":[{"href":"https:\/\/historia.faccat.br\/wordpress\/index.php\/wp-json\/wp\/v2\/media?parent=83"}],"curies":[{"name":"wp","href":"https:\/\/api.w.org\/{rel}","templated":true}]}}